{"id":5597,"date":"2023-04-20T21:43:17","date_gmt":"2023-04-20T21:43:17","guid":{"rendered":"https:\/\/mundocolorpinturas.com.uy\/wp\/producto\/impermeabilizante-sika-siliconado-para-ladrillos-h-sil-20lt\/"},"modified":"2026-04-04T00:50:59","modified_gmt":"2026-04-04T00:50:59","slug":"impermeabilizante-sika-siliconado-para-ladrillos-h-sil-20lt","status":"publish","type":"product","link":"https:\/\/mundocolorpinturas.com.uy\/wp\/producto\/impermeabilizante-sika-siliconado-para-ladrillos-h-sil-20lt\/","title":{"rendered":"Impermeabilizante Sika Siliconado Para Ladrillos H Sil 20lt"},"content":{"rendered":"<p>Mundocolor Pinturas Tienda Oficial.<br \/>Empresa l\u00edder en el sector con mas de 40 a\u00f1os de trayectoria<br \/>Env\u00edos gratis Montevideo y Ciudad de la Costa.<br \/>Env\u00edos al interior por agencias DAC a cobrar en destino. <br \/>Medios de Pago:<br \/>Mercado Pago<br \/>Efectivo<br \/>Giros<br \/>Transferencia Bancaria<br \/>Tarjetas de Cr\u00e9dito<\/p>\n<p>Descripci\u00f3n del Producto:<br \/>Impermeabilizante siliconado hidro repelente.<br \/>Uso exterior<br \/>Transparente<br \/>No forma pel\u00edcula en la superficie<\/p>\n<p>Igol\u00ae H Sil<br \/>Hidrorepelente incoloro vehiculizado en agua<br \/>Beneficios <br \/>\u2022 Ayuda a mantener limpia la superficie, evitando la aparici\u00f3n de moho y salitre.<br \/>\u2022 No forma pel\u00edcula en la superficie.<br \/>\u2022 Antialgas y antihongos.<br \/>\u2022 No es barrera de vapor. <br \/>\u2022 Para ladrillos y revoques porosos.<br \/>\u2022 Es transparente.<\/p>\n<p>C\u00f3mo aplicarlos: <br \/>La superficie a tratar deber\u00e1 estar limpia y seca.<br \/>No se recomienda la aplicaci\u00f3n en tiempo muy h\u00famedo o lluvioso. <br \/>Puede aplicar Igol\u00ae-H Sil con pincel, brocha o pulverizador de baja presi\u00f3n. <br \/>La aplicaci\u00f3n debe ser abundante, cubriendo cuidadosamente la superficie. La segunda mano debe aplicarse mientras la primera se encuentre humeda. <br \/>Sobre las superficies donde se aplica Igol\u00ae-H Sil no tienen buena adherencia las pinturas. <\/p>\n<p>Consumo: <br \/>200 a 500 cm3 por m2 por mano.<\/p>\n<p>Presentaci\u00f3n: <br \/>1, 5, 20 y 200 L<\/p>\n<p>No cambia aspecto de la superficie tratada<\/p>\n","protected":false},"excerpt":{"rendered":"<p>Mundocolor Pinturas Tienda Oficial.Empresa l\u00edder en el sector con mas de 40 a\u00f1os de trayectoriaEnv\u00edos gratis Montevideo y Ciudad de la Costa.Env\u00edos al interior por agencias DAC a cobrar en destino. Medios de Pago:Mercado PagoEfectivoGirosTransferencia BancariaTarjetas de Cr\u00e9dito Descripci\u00f3n del Producto:Impermeabilizante siliconado hidro repelente.Uso exteriorTransparenteNo forma pel\u00edcula en la superficie Igol\u00ae H SilHidrorepelente incoloro vehiculizado [&hellip;]<\/p>\n","protected":false},"featured_media":11932,"template":"","meta":{"site-sidebar-layout":"default","site-content-layout":"","ast-site-content-layout":"default","site-content-style":"default","site-sidebar-style":"default","ast-global-header-display":"","ast-banner-title-visibility":"","ast-main-header-display":"","ast-hfb-above-header-display":"","ast-hfb-below-header-display":"","ast-hfb-mobile-header-display":"","site-post-title":"","ast-breadcrumbs-content":"","ast-featured-img":"","footer-sml-layout":"","ast-disable-related-posts":"","theme-transparent-header-meta":"","adv-header-id-meta":"","stick-header-meta":"","header-above-stick-meta":"","header-main-stick-meta":"","header-below-stick-meta":"","astra-migrate-meta-layouts":"default","ast-page-background-enabled":"default","ast-page-background-meta":{"desktop":{"background-color":"","background-image":"","background-repeat":"repeat","background-position":"center center","background-size":"auto","background-attachment":"scroll","background-type":"","background-media":"","overlay-type":"","overlay-color":"","overlay-opacity":"","overlay-gradient":""},"tablet":{"background-color":"","background-image":"","background-repeat":"repeat","background-position":"center center","background-size":"auto","background-attachment":"scroll","background-type":"","background-media":"","overlay-type":"","overlay-color":"","overlay-opacity":"","overlay-gradient":""},"mobile":{"background-color":"","background-image":"","background-repeat":"repeat","background-position":"center center","background-size":"auto","background-attachment":"scroll","background-type":"","background-media":"","overlay-type":"","overlay-color":"","overlay-opacity":"","overlay-gradient":""}},"ast-content-background-meta":{"desktop":{"background-color":"var(--ast-global-color-5)","background-image":"","background-repeat":"repeat","background-position":"center center","background-size":"auto","background-attachment":"scroll","background-type":"","background-media":"","overlay-type":"","overlay-color":"","overlay-opacity":"","overlay-gradient":""},"tablet":{"background-color":"var(--ast-global-color-5)","background-image":"","background-repeat":"repeat","background-position":"center center","background-size":"auto","background-attachment":"scroll","background-type":"","background-media":"","overlay-type":"","overlay-color":"","overlay-opacity":"","overlay-gradient":""},"mobile":{"background-color":"var(--ast-global-color-5)","background-image":"","background-repeat":"repeat","background-position":"center center","background-size":"auto","background-attachment":"scroll","background-type":"","background-media":"","overlay-type":"","overlay-color":"","overlay-opacity":"","overlay-gradient":""}}},"product_brand":[],"product_cat":[1498],"product_tag":[],"class_list":{"0":"post-5597","1":"product","2":"type-product","3":"status-publish","4":"has-post-thumbnail","6":"product_cat-impermeabilizante","7":"desktop-align-left","8":"tablet-align-left","9":"mobile-align-left","11":"first","12":"instock","13":"shipping-taxable","14":"purchasable","15":"product-type-simple"},"yoast_head":"<!-- This site is optimized with the Yoast SEO plugin v27.3 - https:\/\/yoast.com\/product\/yoast-seo-wordpress\/ -->\n<title>Impermeabilizante Sika Siliconado Para Ladrillos H Sil 20lt - Mundocolor Pinturas<\/title>\n<meta name=\"robots\" content=\"index, follow, max-snippet:-1, max-image-preview:large, max-video-preview:-1\" \/>\n<link rel=\"canonical\" href=\"https:\/\/mundocolorpinturas.com.uy\/wp\/producto\/impermeabilizante-sika-siliconado-para-ladrillos-h-sil-20lt\/\" \/>\n<meta property=\"og:locale\" content=\"es_ES\" \/>\n<meta property=\"og:type\" content=\"article\" \/>\n<meta property=\"og:title\" content=\"Impermeabilizante Sika Siliconado Para Ladrillos H Sil 20lt - Mundocolor Pinturas\" \/>\n<meta property=\"og:description\" content=\"Mundocolor Pinturas Tienda Oficial.Empresa l\u00edder en el sector con mas de 40 a\u00f1os de trayectoriaEnv\u00edos gratis Montevideo y Ciudad de la Costa.Env\u00edos al interior por agencias DAC a cobrar en destino. Medios de Pago:Mercado PagoEfectivoGirosTransferencia BancariaTarjetas de Cr\u00e9dito Descripci\u00f3n del Producto:Impermeabilizante siliconado hidro repelente.Uso exteriorTransparenteNo forma pel\u00edcula en la superficie Igol\u00ae H SilHidrorepelente incoloro vehiculizado [&hellip;]\" \/>\n<meta property=\"og:url\" content=\"https:\/\/mundocolorpinturas.com.uy\/wp\/producto\/impermeabilizante-sika-siliconado-para-ladrillos-h-sil-20lt\/\" \/>\n<meta property=\"og:site_name\" content=\"Mundocolor Pinturas\" \/>\n<meta property=\"article:modified_time\" content=\"2026-04-04T00:50:59+00:00\" \/>\n<meta property=\"og:image\" content=\"https:\/\/mundocolorpinturas.com.uy\/wp\/wp-content\/uploads\/2025\/08\/D_786295-MLU88985341756_082025-F.jpg\" \/>\n\t<meta property=\"og:image:width\" content=\"989\" \/>\n\t<meta property=\"og:image:height\" content=\"1200\" \/>\n\t<meta property=\"og:image:type\" content=\"image\/jpeg\" \/>\n<meta name=\"twitter:card\" content=\"summary_large_image\" \/>\n<meta name=\"twitter:label1\" content=\"Tiempo de lectura\" \/>\n\t<meta name=\"twitter:data1\" content=\"1 minuto\" \/>\n<script type=\"application\/ld+json\" class=\"yoast-schema-graph\">{\"@context\":\"https:\\\/\\\/schema.org\",\"@graph\":[{\"@type\":\"WebPage\",\"@id\":\"https:\\\/\\\/mundocolorpinturas.com.uy\\\/wp\\\/producto\\\/impermeabilizante-sika-siliconado-para-ladrillos-h-sil-20lt\\\/\",\"url\":\"https:\\\/\\\/mundocolorpinturas.com.uy\\\/wp\\\/producto\\\/impermeabilizante-sika-siliconado-para-ladrillos-h-sil-20lt\\\/\",\"name\":\"Impermeabilizante Sika Siliconado Para Ladrillos H Sil 20lt - Mundocolor Pinturas\",\"isPartOf\":{\"@id\":\"https:\\\/\\\/mundocolorpinturas.com.uy\\\/wp\\\/#website\"},\"primaryImageOfPage\":{\"@id\":\"https:\\\/\\\/mundocolorpinturas.com.uy\\\/wp\\\/producto\\\/impermeabilizante-sika-siliconado-para-ladrillos-h-sil-20lt\\\/#primaryimage\"},\"image\":{\"@id\":\"https:\\\/\\\/mundocolorpinturas.com.uy\\\/wp\\\/producto\\\/impermeabilizante-sika-siliconado-para-ladrillos-h-sil-20lt\\\/#primaryimage\"},\"thumbnailUrl\":\"https:\\\/\\\/mundocolorpinturas.com.uy\\\/wp\\\/wp-content\\\/uploads\\\/2025\\\/10\\\/D_976633-MLU93653220576_102025-F.jpg\",\"datePublished\":\"2023-04-20T21:43:17+00:00\",\"dateModified\":\"2026-04-04T00:50:59+00:00\",\"breadcrumb\":{\"@id\":\"https:\\\/\\\/mundocolorpinturas.com.uy\\\/wp\\\/producto\\\/impermeabilizante-sika-siliconado-para-ladrillos-h-sil-20lt\\\/#breadcrumb\"},\"inLanguage\":\"es\",\"potentialAction\":[{\"@type\":\"ReadAction\",\"target\":[\"https:\\\/\\\/mundocolorpinturas.com.uy\\\/wp\\\/producto\\\/impermeabilizante-sika-siliconado-para-ladrillos-h-sil-20lt\\\/\"]}]},{\"@type\":\"ImageObject\",\"inLanguage\":\"es\",\"@id\":\"https:\\\/\\\/mundocolorpinturas.com.uy\\\/wp\\\/producto\\\/impermeabilizante-sika-siliconado-para-ladrillos-h-sil-20lt\\\/#primaryimage\",\"url\":\"https:\\\/\\\/mundocolorpinturas.com.uy\\\/wp\\\/wp-content\\\/uploads\\\/2025\\\/10\\\/D_976633-MLU93653220576_102025-F.jpg\",\"contentUrl\":\"https:\\\/\\\/mundocolorpinturas.com.uy\\\/wp\\\/wp-content\\\/uploads\\\/2025\\\/10\\\/D_976633-MLU93653220576_102025-F.jpg\",\"width\":989,\"height\":1200},{\"@type\":\"BreadcrumbList\",\"@id\":\"https:\\\/\\\/mundocolorpinturas.com.uy\\\/wp\\\/producto\\\/impermeabilizante-sika-siliconado-para-ladrillos-h-sil-20lt\\\/#breadcrumb\",\"itemListElement\":[{\"@type\":\"ListItem\",\"position\":1,\"name\":\"Portada\",\"item\":\"https:\\\/\\\/mundocolorpinturas.com.uy\\\/wp\\\/\"},{\"@type\":\"ListItem\",\"position\":2,\"name\":\"Tienda\",\"item\":\"https:\\\/\\\/mundocolorpinturas.com.uy\\\/wp\\\/store\\\/\"},{\"@type\":\"ListItem\",\"position\":3,\"name\":\"Impermeabilizante Sika Siliconado Para Ladrillos H Sil 20lt\"}]},{\"@type\":\"WebSite\",\"@id\":\"https:\\\/\\\/mundocolorpinturas.com.uy\\\/wp\\\/#website\",\"url\":\"https:\\\/\\\/mundocolorpinturas.com.uy\\\/wp\\\/\",\"name\":\"Mundocolor Pinturas\",\"description\":\"Sitio Oficial de Pinturerias Mundocolor\",\"publisher\":{\"@id\":\"https:\\\/\\\/mundocolorpinturas.com.uy\\\/wp\\\/#organization\"},\"potentialAction\":[{\"@type\":\"SearchAction\",\"target\":{\"@type\":\"EntryPoint\",\"urlTemplate\":\"https:\\\/\\\/mundocolorpinturas.com.uy\\\/wp\\\/?s={search_term_string}\"},\"query-input\":{\"@type\":\"PropertyValueSpecification\",\"valueRequired\":true,\"valueName\":\"search_term_string\"}}],\"inLanguage\":\"es\"},{\"@type\":\"Organization\",\"@id\":\"https:\\\/\\\/mundocolorpinturas.com.uy\\\/wp\\\/#organization\",\"name\":\"Mundocolor Pinturas\",\"url\":\"https:\\\/\\\/mundocolorpinturas.com.uy\\\/wp\\\/\",\"logo\":{\"@type\":\"ImageObject\",\"inLanguage\":\"es\",\"@id\":\"https:\\\/\\\/mundocolorpinturas.com.uy\\\/wp\\\/#\\\/schema\\\/logo\\\/image\\\/\",\"url\":\"https:\\\/\\\/mundocolorpinturas.com.uy\\\/wp\\\/wp-content\\\/uploads\\\/2025\\\/06\\\/nuevologomundocolor.png\",\"contentUrl\":\"https:\\\/\\\/mundocolorpinturas.com.uy\\\/wp\\\/wp-content\\\/uploads\\\/2025\\\/06\\\/nuevologomundocolor.png\",\"width\":250,\"height\":53,\"caption\":\"Mundocolor Pinturas\"},\"image\":{\"@id\":\"https:\\\/\\\/mundocolorpinturas.com.uy\\\/wp\\\/#\\\/schema\\\/logo\\\/image\\\/\"}}]}<\/script>\n<!-- \/ Yoast SEO plugin. -->","yoast_head_json":{"title":"Impermeabilizante Sika Siliconado Para Ladrillos H Sil 20lt - Mundocolor Pinturas","robots":{"index":"index","follow":"follow","max-snippet":"max-snippet:-1","max-image-preview":"max-image-preview:large","max-video-preview":"max-video-preview:-1"},"canonical":"https:\/\/mundocolorpinturas.com.uy\/wp\/producto\/impermeabilizante-sika-siliconado-para-ladrillos-h-sil-20lt\/","og_locale":"es_ES","og_type":"article","og_title":"Impermeabilizante Sika Siliconado Para Ladrillos H Sil 20lt - Mundocolor Pinturas","og_description":"Mundocolor Pinturas Tienda Oficial.Empresa l\u00edder en el sector con mas de 40 a\u00f1os de trayectoriaEnv\u00edos gratis Montevideo y Ciudad de la Costa.Env\u00edos al interior por agencias DAC a cobrar en destino. Medios de Pago:Mercado PagoEfectivoGirosTransferencia BancariaTarjetas de Cr\u00e9dito Descripci\u00f3n del Producto:Impermeabilizante siliconado hidro repelente.Uso exteriorTransparenteNo forma pel\u00edcula en la superficie Igol\u00ae H SilHidrorepelente incoloro vehiculizado [&hellip;]","og_url":"https:\/\/mundocolorpinturas.com.uy\/wp\/producto\/impermeabilizante-sika-siliconado-para-ladrillos-h-sil-20lt\/","og_site_name":"Mundocolor Pinturas","article_modified_time":"2026-04-04T00:50:59+00:00","og_image":[{"width":989,"height":1200,"url":"https:\/\/mundocolorpinturas.com.uy\/wp\/wp-content\/uploads\/2025\/08\/D_786295-MLU88985341756_082025-F.jpg","type":"image\/jpeg"}],"twitter_card":"summary_large_image","twitter_misc":{"Tiempo de lectura":"1 minuto"},"schema":{"@context":"https:\/\/schema.org","@graph":[{"@type":"WebPage","@id":"https:\/\/mundocolorpinturas.com.uy\/wp\/producto\/impermeabilizante-sika-siliconado-para-ladrillos-h-sil-20lt\/","url":"https:\/\/mundocolorpinturas.com.uy\/wp\/producto\/impermeabilizante-sika-siliconado-para-ladrillos-h-sil-20lt\/","name":"Impermeabilizante Sika Siliconado Para Ladrillos H Sil 20lt - Mundocolor Pinturas","isPartOf":{"@id":"https:\/\/mundocolorpinturas.com.uy\/wp\/#website"},"primaryImageOfPage":{"@id":"https:\/\/mundocolorpinturas.com.uy\/wp\/producto\/impermeabilizante-sika-siliconado-para-ladrillos-h-sil-20lt\/#primaryimage"},"image":{"@id":"https:\/\/mundocolorpinturas.com.uy\/wp\/producto\/impermeabilizante-sika-siliconado-para-ladrillos-h-sil-20lt\/#primaryimage"},"thumbnailUrl":"https:\/\/mundocolorpinturas.com.uy\/wp\/wp-content\/uploads\/2025\/10\/D_976633-MLU93653220576_102025-F.jpg","datePublished":"2023-04-20T21:43:17+00:00","dateModified":"2026-04-04T00:50:59+00:00","breadcrumb":{"@id":"https:\/\/mundocolorpinturas.com.uy\/wp\/producto\/impermeabilizante-sika-siliconado-para-ladrillos-h-sil-20lt\/#breadcrumb"},"inLanguage":"es","potentialAction":[{"@type":"ReadAction","target":["https:\/\/mundocolorpinturas.com.uy\/wp\/producto\/impermeabilizante-sika-siliconado-para-ladrillos-h-sil-20lt\/"]}]},{"@type":"ImageObject","inLanguage":"es","@id":"https:\/\/mundocolorpinturas.com.uy\/wp\/producto\/impermeabilizante-sika-siliconado-para-ladrillos-h-sil-20lt\/#primaryimage","url":"https:\/\/mundocolorpinturas.com.uy\/wp\/wp-content\/uploads\/2025\/10\/D_976633-MLU93653220576_102025-F.jpg","contentUrl":"https:\/\/mundocolorpinturas.com.uy\/wp\/wp-content\/uploads\/2025\/10\/D_976633-MLU93653220576_102025-F.jpg","width":989,"height":1200},{"@type":"BreadcrumbList","@id":"https:\/\/mundocolorpinturas.com.uy\/wp\/producto\/impermeabilizante-sika-siliconado-para-ladrillos-h-sil-20lt\/#breadcrumb","itemListElement":[{"@type":"ListItem","position":1,"name":"Portada","item":"https:\/\/mundocolorpinturas.com.uy\/wp\/"},{"@type":"ListItem","position":2,"name":"Tienda","item":"https:\/\/mundocolorpinturas.com.uy\/wp\/store\/"},{"@type":"ListItem","position":3,"name":"Impermeabilizante Sika Siliconado Para Ladrillos H Sil 20lt"}]},{"@type":"WebSite","@id":"https:\/\/mundocolorpinturas.com.uy\/wp\/#website","url":"https:\/\/mundocolorpinturas.com.uy\/wp\/","name":"Mundocolor Pinturas","description":"Sitio Oficial de Pinturerias Mundocolor","publisher":{"@id":"https:\/\/mundocolorpinturas.com.uy\/wp\/#organization"},"potentialAction":[{"@type":"SearchAction","target":{"@type":"EntryPoint","urlTemplate":"https:\/\/mundocolorpinturas.com.uy\/wp\/?s={search_term_string}"},"query-input":{"@type":"PropertyValueSpecification","valueRequired":true,"valueName":"search_term_string"}}],"inLanguage":"es"},{"@type":"Organization","@id":"https:\/\/mundocolorpinturas.com.uy\/wp\/#organization","name":"Mundocolor Pinturas","url":"https:\/\/mundocolorpinturas.com.uy\/wp\/","logo":{"@type":"ImageObject","inLanguage":"es","@id":"https:\/\/mundocolorpinturas.com.uy\/wp\/#\/schema\/logo\/image\/","url":"https:\/\/mundocolorpinturas.com.uy\/wp\/wp-content\/uploads\/2025\/06\/nuevologomundocolor.png","contentUrl":"https:\/\/mundocolorpinturas.com.uy\/wp\/wp-content\/uploads\/2025\/06\/nuevologomundocolor.png","width":250,"height":53,"caption":"Mundocolor Pinturas"},"image":{"@id":"https:\/\/mundocolorpinturas.com.uy\/wp\/#\/schema\/logo\/image\/"}}]}},"_links":{"self":[{"href":"https:\/\/mundocolorpinturas.com.uy\/wp\/wp-json\/wp\/v2\/product\/5597","targetHints":{"allow":["GET"]}}],"collection":[{"href":"https:\/\/mundocolorpinturas.com.uy\/wp\/wp-json\/wp\/v2\/product"}],"about":[{"href":"https:\/\/mundocolorpinturas.com.uy\/wp\/wp-json\/wp\/v2\/types\/product"}],"version-history":[{"count":5,"href":"https:\/\/mundocolorpinturas.com.uy\/wp\/wp-json\/wp\/v2\/product\/5597\/revisions"}],"predecessor-version":[{"id":11067,"href":"https:\/\/mundocolorpinturas.com.uy\/wp\/wp-json\/wp\/v2\/product\/5597\/revisions\/11067"}],"wp:featuredmedia":[{"embeddable":true,"href":"https:\/\/mundocolorpinturas.com.uy\/wp\/wp-json\/wp\/v2\/media\/11932"}],"wp:attachment":[{"href":"https:\/\/mundocolorpinturas.com.uy\/wp\/wp-json\/wp\/v2\/media?parent=5597"}],"wp:term":[{"taxonomy":"product_brand","embeddable":true,"href":"https:\/\/mundocolorpinturas.com.uy\/wp\/wp-json\/wp\/v2\/product_brand?post=5597"},{"taxonomy":"product_cat","embeddable":true,"href":"https:\/\/mundocolorpinturas.com.uy\/wp\/wp-json\/wp\/v2\/product_cat?post=5597"},{"taxonomy":"product_tag","embeddable":true,"href":"https:\/\/mundocolorpinturas.com.uy\/wp\/wp-json\/wp\/v2\/product_tag?post=5597"}],"curies":[{"name":"wp","href":"https:\/\/api.w.org\/{rel}","templated":true}]}}