{"id":6992,"date":"2023-05-26T03:53:45","date_gmt":"2023-05-26T03:53:45","guid":{"rendered":"https:\/\/mundocolorpinturas.com.uy\/wp\/producto\/1kg-pasta-pulir-fina-blanca-base-agua-maxi-rubber-mundocolor\/"},"modified":"2026-04-04T01:10:30","modified_gmt":"2026-04-04T01:10:30","slug":"1kg-pasta-pulir-fina-blanca-base-agua-maxi-rubber-mundocolor","status":"publish","type":"product","link":"https:\/\/mundocolorpinturas.com.uy\/wp\/producto\/1kg-pasta-pulir-fina-blanca-base-agua-maxi-rubber-mundocolor\/","title":{"rendered":"1kg Pasta Pulir Fina Blanca Base Agua Maxi Rubber Mundocolor"},"content":{"rendered":"<p>Mundocolor Pinturas Tienda Oficial.<br \/>Empresa l\u00edder en el sector con mas de 40 a\u00f1os de trayectoria<br \/>Env\u00edos gratis Montevideo y Ciudad de la Costa.<br \/>Env\u00edos al interior por agencias DAC a cobrar en destino. <br \/>Medios de Pago:<br \/>Mercado Pago<br \/>Efectivo<br \/>Giros<br \/>Transferencia Bancaria<br \/>Tarjetas de Cr\u00e9dito<\/p>\n<p>La masa de pulir no2 base agua puede utilizarse para el pulido automotor sobre cualquier tipo de tinta y barniz, dejando la superficie lisa y brillante. <\/p>\n<p>Indicada para eliminar ara\u00f1azos de lijado con grano 1200 o superior y tambi\u00e9n el desgaste sufrido por pinturas y\/o repintados antiguos debido a exposici\u00f3n a agentes atmosf\u00e9ricos, adem\u00e1s de efectos \u201cpiel de naranja\u201d moderados, escurrimientos leves y peque\u00f1as imperfecciones, sin da\u00f1ar la pintura, preparando la superficie para el pulido final, garantizando un acabamiento con brillo intenso<\/p>\n","protected":false},"excerpt":{"rendered":"<p>Mundocolor Pinturas Tienda Oficial.Empresa l\u00edder en el sector con mas de 40 a\u00f1os de trayectoriaEnv\u00edos gratis Montevideo y Ciudad de la Costa.Env\u00edos al interior por agencias DAC a cobrar en destino. Medios de Pago:Mercado PagoEfectivoGirosTransferencia BancariaTarjetas de Cr\u00e9dito La masa de pulir no2 base agua puede utilizarse para el pulido automotor sobre cualquier tipo de [&hellip;]<\/p>\n","protected":false},"featured_media":6989,"template":"","meta":{"site-sidebar-layout":"default","site-content-layout":"","ast-site-content-layout":"default","site-content-style":"default","site-sidebar-style":"default","ast-global-header-display":"","ast-banner-title-visibility":"","ast-main-header-display":"","ast-hfb-above-header-display":"","ast-hfb-below-header-display":"","ast-hfb-mobile-header-display":"","site-post-title":"","ast-breadcrumbs-content":"","ast-featured-img":"","footer-sml-layout":"","ast-disable-related-posts":"","theme-transparent-header-meta":"","adv-header-id-meta":"","stick-header-meta":"","header-above-stick-meta":"","header-main-stick-meta":"","header-below-stick-meta":"","astra-migrate-meta-layouts":"default","ast-page-background-enabled":"default","ast-page-background-meta":{"desktop":{"background-color":"","background-image":"","background-repeat":"repeat","background-position":"center center","background-size":"auto","background-attachment":"scroll","background-type":"","background-media":"","overlay-type":"","overlay-color":"","overlay-opacity":"","overlay-gradient":""},"tablet":{"background-color":"","background-image":"","background-repeat":"repeat","background-position":"center center","background-size":"auto","background-attachment":"scroll","background-type":"","background-media":"","overlay-type":"","overlay-color":"","overlay-opacity":"","overlay-gradient":""},"mobile":{"background-color":"","background-image":"","background-repeat":"repeat","background-position":"center center","background-size":"auto","background-attachment":"scroll","background-type":"","background-media":"","overlay-type":"","overlay-color":"","overlay-opacity":"","overlay-gradient":""}},"ast-content-background-meta":{"desktop":{"background-color":"var(--ast-global-color-5)","background-image":"","background-repeat":"repeat","background-position":"center center","background-size":"auto","background-attachment":"scroll","background-type":"","background-media":"","overlay-type":"","overlay-color":"","overlay-opacity":"","overlay-gradient":""},"tablet":{"background-color":"var(--ast-global-color-5)","background-image":"","background-repeat":"repeat","background-position":"center center","background-size":"auto","background-attachment":"scroll","background-type":"","background-media":"","overlay-type":"","overlay-color":"","overlay-opacity":"","overlay-gradient":""},"mobile":{"background-color":"var(--ast-global-color-5)","background-image":"","background-repeat":"repeat","background-position":"center center","background-size":"auto","background-attachment":"scroll","background-type":"","background-media":"","overlay-type":"","overlay-color":"","overlay-opacity":"","overlay-gradient":""}}},"product_brand":[],"product_cat":[],"product_tag":[],"class_list":{"0":"post-6992","1":"product","2":"type-product","3":"status-publish","4":"has-post-thumbnail","6":"desktop-align-left","7":"tablet-align-left","8":"mobile-align-left","10":"first","11":"outofstock","12":"shipping-taxable","13":"purchasable","14":"product-type-simple"},"yoast_head":"<!-- This site is optimized with the Yoast SEO plugin v27.3 - https:\/\/yoast.com\/product\/yoast-seo-wordpress\/ -->\n<title>1kg Pasta Pulir Fina Blanca Base Agua Maxi Rubber Mundocolor - Mundocolor Pinturas<\/title>\n<meta name=\"robots\" content=\"index, follow, max-snippet:-1, max-image-preview:large, max-video-preview:-1\" \/>\n<link rel=\"canonical\" href=\"https:\/\/mundocolorpinturas.com.uy\/wp\/producto\/1kg-pasta-pulir-fina-blanca-base-agua-maxi-rubber-mundocolor\/\" \/>\n<meta property=\"og:locale\" content=\"es_ES\" \/>\n<meta property=\"og:type\" content=\"article\" \/>\n<meta property=\"og:title\" content=\"1kg Pasta Pulir Fina Blanca Base Agua Maxi Rubber Mundocolor - Mundocolor Pinturas\" \/>\n<meta property=\"og:description\" content=\"Mundocolor Pinturas Tienda Oficial.Empresa l\u00edder en el sector con mas de 40 a\u00f1os de trayectoriaEnv\u00edos gratis Montevideo y Ciudad de la Costa.Env\u00edos al interior por agencias DAC a cobrar en destino. Medios de Pago:Mercado PagoEfectivoGirosTransferencia BancariaTarjetas de Cr\u00e9dito La masa de pulir no2 base agua puede utilizarse para el pulido automotor sobre cualquier tipo de [&hellip;]\" \/>\n<meta property=\"og:url\" content=\"https:\/\/mundocolorpinturas.com.uy\/wp\/producto\/1kg-pasta-pulir-fina-blanca-base-agua-maxi-rubber-mundocolor\/\" \/>\n<meta property=\"og:site_name\" content=\"Mundocolor Pinturas\" \/>\n<meta property=\"article:modified_time\" content=\"2026-04-04T01:10:30+00:00\" \/>\n<meta property=\"og:image\" content=\"https:\/\/mundocolorpinturas.com.uy\/wp\/wp-content\/uploads\/2023\/05\/D_634238-MLU69611138471_052023-F.jpg\" \/>\n\t<meta property=\"og:image:width\" content=\"892\" \/>\n\t<meta property=\"og:image:height\" content=\"995\" \/>\n\t<meta property=\"og:image:type\" content=\"image\/jpeg\" \/>\n<meta name=\"twitter:card\" content=\"summary_large_image\" \/>\n<meta name=\"twitter:label1\" content=\"Tiempo de lectura\" \/>\n\t<meta name=\"twitter:data1\" content=\"1 minuto\" \/>\n<script type=\"application\/ld+json\" class=\"yoast-schema-graph\">{\"@context\":\"https:\\\/\\\/schema.org\",\"@graph\":[{\"@type\":\"WebPage\",\"@id\":\"https:\\\/\\\/mundocolorpinturas.com.uy\\\/wp\\\/producto\\\/1kg-pasta-pulir-fina-blanca-base-agua-maxi-rubber-mundocolor\\\/\",\"url\":\"https:\\\/\\\/mundocolorpinturas.com.uy\\\/wp\\\/producto\\\/1kg-pasta-pulir-fina-blanca-base-agua-maxi-rubber-mundocolor\\\/\",\"name\":\"1kg Pasta Pulir Fina Blanca Base Agua Maxi Rubber Mundocolor - Mundocolor Pinturas\",\"isPartOf\":{\"@id\":\"https:\\\/\\\/mundocolorpinturas.com.uy\\\/wp\\\/#website\"},\"primaryImageOfPage\":{\"@id\":\"https:\\\/\\\/mundocolorpinturas.com.uy\\\/wp\\\/producto\\\/1kg-pasta-pulir-fina-blanca-base-agua-maxi-rubber-mundocolor\\\/#primaryimage\"},\"image\":{\"@id\":\"https:\\\/\\\/mundocolorpinturas.com.uy\\\/wp\\\/producto\\\/1kg-pasta-pulir-fina-blanca-base-agua-maxi-rubber-mundocolor\\\/#primaryimage\"},\"thumbnailUrl\":\"https:\\\/\\\/mundocolorpinturas.com.uy\\\/wp\\\/wp-content\\\/uploads\\\/2023\\\/05\\\/D_634238-MLU69611138471_052023-F.jpg\",\"datePublished\":\"2023-05-26T03:53:45+00:00\",\"dateModified\":\"2026-04-04T01:10:30+00:00\",\"breadcrumb\":{\"@id\":\"https:\\\/\\\/mundocolorpinturas.com.uy\\\/wp\\\/producto\\\/1kg-pasta-pulir-fina-blanca-base-agua-maxi-rubber-mundocolor\\\/#breadcrumb\"},\"inLanguage\":\"es\",\"potentialAction\":[{\"@type\":\"ReadAction\",\"target\":[\"https:\\\/\\\/mundocolorpinturas.com.uy\\\/wp\\\/producto\\\/1kg-pasta-pulir-fina-blanca-base-agua-maxi-rubber-mundocolor\\\/\"]}]},{\"@type\":\"ImageObject\",\"inLanguage\":\"es\",\"@id\":\"https:\\\/\\\/mundocolorpinturas.com.uy\\\/wp\\\/producto\\\/1kg-pasta-pulir-fina-blanca-base-agua-maxi-rubber-mundocolor\\\/#primaryimage\",\"url\":\"https:\\\/\\\/mundocolorpinturas.com.uy\\\/wp\\\/wp-content\\\/uploads\\\/2023\\\/05\\\/D_634238-MLU69611138471_052023-F.jpg\",\"contentUrl\":\"https:\\\/\\\/mundocolorpinturas.com.uy\\\/wp\\\/wp-content\\\/uploads\\\/2023\\\/05\\\/D_634238-MLU69611138471_052023-F.jpg\",\"width\":892,\"height\":995},{\"@type\":\"BreadcrumbList\",\"@id\":\"https:\\\/\\\/mundocolorpinturas.com.uy\\\/wp\\\/producto\\\/1kg-pasta-pulir-fina-blanca-base-agua-maxi-rubber-mundocolor\\\/#breadcrumb\",\"itemListElement\":[{\"@type\":\"ListItem\",\"position\":1,\"name\":\"Portada\",\"item\":\"https:\\\/\\\/mundocolorpinturas.com.uy\\\/wp\\\/\"},{\"@type\":\"ListItem\",\"position\":2,\"name\":\"Tienda\",\"item\":\"https:\\\/\\\/mundocolorpinturas.com.uy\\\/wp\\\/store\\\/\"},{\"@type\":\"ListItem\",\"position\":3,\"name\":\"1kg Pasta Pulir Fina Blanca Base Agua Maxi Rubber Mundocolor\"}]},{\"@type\":\"WebSite\",\"@id\":\"https:\\\/\\\/mundocolorpinturas.com.uy\\\/wp\\\/#website\",\"url\":\"https:\\\/\\\/mundocolorpinturas.com.uy\\\/wp\\\/\",\"name\":\"Mundocolor Pinturas\",\"description\":\"Sitio Oficial de Pinturerias Mundocolor\",\"publisher\":{\"@id\":\"https:\\\/\\\/mundocolorpinturas.com.uy\\\/wp\\\/#organization\"},\"potentialAction\":[{\"@type\":\"SearchAction\",\"target\":{\"@type\":\"EntryPoint\",\"urlTemplate\":\"https:\\\/\\\/mundocolorpinturas.com.uy\\\/wp\\\/?s={search_term_string}\"},\"query-input\":{\"@type\":\"PropertyValueSpecification\",\"valueRequired\":true,\"valueName\":\"search_term_string\"}}],\"inLanguage\":\"es\"},{\"@type\":\"Organization\",\"@id\":\"https:\\\/\\\/mundocolorpinturas.com.uy\\\/wp\\\/#organization\",\"name\":\"Mundocolor Pinturas\",\"url\":\"https:\\\/\\\/mundocolorpinturas.com.uy\\\/wp\\\/\",\"logo\":{\"@type\":\"ImageObject\",\"inLanguage\":\"es\",\"@id\":\"https:\\\/\\\/mundocolorpinturas.com.uy\\\/wp\\\/#\\\/schema\\\/logo\\\/image\\\/\",\"url\":\"https:\\\/\\\/mundocolorpinturas.com.uy\\\/wp\\\/wp-content\\\/uploads\\\/2025\\\/06\\\/nuevologomundocolor.png\",\"contentUrl\":\"https:\\\/\\\/mundocolorpinturas.com.uy\\\/wp\\\/wp-content\\\/uploads\\\/2025\\\/06\\\/nuevologomundocolor.png\",\"width\":250,\"height\":53,\"caption\":\"Mundocolor Pinturas\"},\"image\":{\"@id\":\"https:\\\/\\\/mundocolorpinturas.com.uy\\\/wp\\\/#\\\/schema\\\/logo\\\/image\\\/\"}}]}<\/script>\n<!-- \/ Yoast SEO plugin. -->","yoast_head_json":{"title":"1kg Pasta Pulir Fina Blanca Base Agua Maxi Rubber Mundocolor - Mundocolor Pinturas","robots":{"index":"index","follow":"follow","max-snippet":"max-snippet:-1","max-image-preview":"max-image-preview:large","max-video-preview":"max-video-preview:-1"},"canonical":"https:\/\/mundocolorpinturas.com.uy\/wp\/producto\/1kg-pasta-pulir-fina-blanca-base-agua-maxi-rubber-mundocolor\/","og_locale":"es_ES","og_type":"article","og_title":"1kg Pasta Pulir Fina Blanca Base Agua Maxi Rubber Mundocolor - Mundocolor Pinturas","og_description":"Mundocolor Pinturas Tienda Oficial.Empresa l\u00edder en el sector con mas de 40 a\u00f1os de trayectoriaEnv\u00edos gratis Montevideo y Ciudad de la Costa.Env\u00edos al interior por agencias DAC a cobrar en destino. Medios de Pago:Mercado PagoEfectivoGirosTransferencia BancariaTarjetas de Cr\u00e9dito La masa de pulir no2 base agua puede utilizarse para el pulido automotor sobre cualquier tipo de [&hellip;]","og_url":"https:\/\/mundocolorpinturas.com.uy\/wp\/producto\/1kg-pasta-pulir-fina-blanca-base-agua-maxi-rubber-mundocolor\/","og_site_name":"Mundocolor Pinturas","article_modified_time":"2026-04-04T01:10:30+00:00","og_image":[{"width":892,"height":995,"url":"https:\/\/mundocolorpinturas.com.uy\/wp\/wp-content\/uploads\/2023\/05\/D_634238-MLU69611138471_052023-F.jpg","type":"image\/jpeg"}],"twitter_card":"summary_large_image","twitter_misc":{"Tiempo de lectura":"1 minuto"},"schema":{"@context":"https:\/\/schema.org","@graph":[{"@type":"WebPage","@id":"https:\/\/mundocolorpinturas.com.uy\/wp\/producto\/1kg-pasta-pulir-fina-blanca-base-agua-maxi-rubber-mundocolor\/","url":"https:\/\/mundocolorpinturas.com.uy\/wp\/producto\/1kg-pasta-pulir-fina-blanca-base-agua-maxi-rubber-mundocolor\/","name":"1kg Pasta Pulir Fina Blanca Base Agua Maxi Rubber Mundocolor - Mundocolor Pinturas","isPartOf":{"@id":"https:\/\/mundocolorpinturas.com.uy\/wp\/#website"},"primaryImageOfPage":{"@id":"https:\/\/mundocolorpinturas.com.uy\/wp\/producto\/1kg-pasta-pulir-fina-blanca-base-agua-maxi-rubber-mundocolor\/#primaryimage"},"image":{"@id":"https:\/\/mundocolorpinturas.com.uy\/wp\/producto\/1kg-pasta-pulir-fina-blanca-base-agua-maxi-rubber-mundocolor\/#primaryimage"},"thumbnailUrl":"https:\/\/mundocolorpinturas.com.uy\/wp\/wp-content\/uploads\/2023\/05\/D_634238-MLU69611138471_052023-F.jpg","datePublished":"2023-05-26T03:53:45+00:00","dateModified":"2026-04-04T01:10:30+00:00","breadcrumb":{"@id":"https:\/\/mundocolorpinturas.com.uy\/wp\/producto\/1kg-pasta-pulir-fina-blanca-base-agua-maxi-rubber-mundocolor\/#breadcrumb"},"inLanguage":"es","potentialAction":[{"@type":"ReadAction","target":["https:\/\/mundocolorpinturas.com.uy\/wp\/producto\/1kg-pasta-pulir-fina-blanca-base-agua-maxi-rubber-mundocolor\/"]}]},{"@type":"ImageObject","inLanguage":"es","@id":"https:\/\/mundocolorpinturas.com.uy\/wp\/producto\/1kg-pasta-pulir-fina-blanca-base-agua-maxi-rubber-mundocolor\/#primaryimage","url":"https:\/\/mundocolorpinturas.com.uy\/wp\/wp-content\/uploads\/2023\/05\/D_634238-MLU69611138471_052023-F.jpg","contentUrl":"https:\/\/mundocolorpinturas.com.uy\/wp\/wp-content\/uploads\/2023\/05\/D_634238-MLU69611138471_052023-F.jpg","width":892,"height":995},{"@type":"BreadcrumbList","@id":"https:\/\/mundocolorpinturas.com.uy\/wp\/producto\/1kg-pasta-pulir-fina-blanca-base-agua-maxi-rubber-mundocolor\/#breadcrumb","itemListElement":[{"@type":"ListItem","position":1,"name":"Portada","item":"https:\/\/mundocolorpinturas.com.uy\/wp\/"},{"@type":"ListItem","position":2,"name":"Tienda","item":"https:\/\/mundocolorpinturas.com.uy\/wp\/store\/"},{"@type":"ListItem","position":3,"name":"1kg Pasta Pulir Fina Blanca Base Agua Maxi Rubber Mundocolor"}]},{"@type":"WebSite","@id":"https:\/\/mundocolorpinturas.com.uy\/wp\/#website","url":"https:\/\/mundocolorpinturas.com.uy\/wp\/","name":"Mundocolor Pinturas","description":"Sitio Oficial de Pinturerias Mundocolor","publisher":{"@id":"https:\/\/mundocolorpinturas.com.uy\/wp\/#organization"},"potentialAction":[{"@type":"SearchAction","target":{"@type":"EntryPoint","urlTemplate":"https:\/\/mundocolorpinturas.com.uy\/wp\/?s={search_term_string}"},"query-input":{"@type":"PropertyValueSpecification","valueRequired":true,"valueName":"search_term_string"}}],"inLanguage":"es"},{"@type":"Organization","@id":"https:\/\/mundocolorpinturas.com.uy\/wp\/#organization","name":"Mundocolor Pinturas","url":"https:\/\/mundocolorpinturas.com.uy\/wp\/","logo":{"@type":"ImageObject","inLanguage":"es","@id":"https:\/\/mundocolorpinturas.com.uy\/wp\/#\/schema\/logo\/image\/","url":"https:\/\/mundocolorpinturas.com.uy\/wp\/wp-content\/uploads\/2025\/06\/nuevologomundocolor.png","contentUrl":"https:\/\/mundocolorpinturas.com.uy\/wp\/wp-content\/uploads\/2025\/06\/nuevologomundocolor.png","width":250,"height":53,"caption":"Mundocolor Pinturas"},"image":{"@id":"https:\/\/mundocolorpinturas.com.uy\/wp\/#\/schema\/logo\/image\/"}}]}},"_links":{"self":[{"href":"https:\/\/mundocolorpinturas.com.uy\/wp\/wp-json\/wp\/v2\/product\/6992","targetHints":{"allow":["GET"]}}],"collection":[{"href":"https:\/\/mundocolorpinturas.com.uy\/wp\/wp-json\/wp\/v2\/product"}],"about":[{"href":"https:\/\/mundocolorpinturas.com.uy\/wp\/wp-json\/wp\/v2\/types\/product"}],"version-history":[{"count":4,"href":"https:\/\/mundocolorpinturas.com.uy\/wp\/wp-json\/wp\/v2\/product\/6992\/revisions"}],"predecessor-version":[{"id":11093,"href":"https:\/\/mundocolorpinturas.com.uy\/wp\/wp-json\/wp\/v2\/product\/6992\/revisions\/11093"}],"wp:featuredmedia":[{"embeddable":true,"href":"https:\/\/mundocolorpinturas.com.uy\/wp\/wp-json\/wp\/v2\/media\/6989"}],"wp:attachment":[{"href":"https:\/\/mundocolorpinturas.com.uy\/wp\/wp-json\/wp\/v2\/media?parent=6992"}],"wp:term":[{"taxonomy":"product_brand","embeddable":true,"href":"https:\/\/mundocolorpinturas.com.uy\/wp\/wp-json\/wp\/v2\/product_brand?post=6992"},{"taxonomy":"product_cat","embeddable":true,"href":"https:\/\/mundocolorpinturas.com.uy\/wp\/wp-json\/wp\/v2\/product_cat?post=6992"},{"taxonomy":"product_tag","embeddable":true,"href":"https:\/\/mundocolorpinturas.com.uy\/wp\/wp-json\/wp\/v2\/product_tag?post=6992"}],"curies":[{"name":"wp","href":"https:\/\/api.w.org\/{rel}","templated":true}]}}