{"id":7721,"date":"2023-10-04T09:57:36","date_gmt":"2023-10-04T09:57:36","guid":{"rendered":"https:\/\/mundocolorpinturas.com.uy\/wp\/producto\/esmalte-sintetico-premium-mundo-09lt-1lt-aguarras\/"},"modified":"2026-04-13T06:06:19","modified_gmt":"2026-04-13T09:06:19","slug":"esmalte-sintetico-premium-mundo-09lt-1lt-aguarras","status":"publish","type":"product","link":"https:\/\/mundocolorpinturas.com.uy\/wp\/producto\/esmalte-sintetico-premium-mundo-09lt-1lt-aguarras\/","title":{"rendered":"Esmalte Sintetico Premium Mundo 0,9lt + 1lt Aguarras"},"content":{"rendered":"<p>Mundocolor Pinturas Tienda Oficial.<br \/>Empresa l\u00edder en el sector con mas de 40 a\u00f1os de trayectoria<br \/>Env\u00edos gratis Montevideo y Ciudad de la Costa.<br \/>Env\u00edos al interior por agencias DAC a cobrar en destino.<br \/>Medios de Pago:<br \/>Mercado Pago<br \/>Efectivo<br \/>Giros<br \/>Transferencia Bancaria<br \/>Tarjetas de Cr\u00e9dito<\/p>\n<p>ESMLATE SINTETICO maderas y metales <br \/>1lt AGUARRAS<\/p>\n","protected":false},"excerpt":{"rendered":"<p>Mundocolor Pinturas Tienda Oficial.Empresa l\u00edder en el sector con mas de 40 a\u00f1os de trayectoriaEnv\u00edos gratis Montevideo y Ciudad de la Costa.Env\u00edos al interior por agencias DAC a cobrar en destino.Medios de Pago:Mercado PagoEfectivoGirosTransferencia BancariaTarjetas de Cr\u00e9dito ESMLATE SINTETICO maderas y metales 1lt AGUARRAS<\/p>\n","protected":false},"featured_media":12872,"template":"","meta":{"site-sidebar-layout":"default","site-content-layout":"","ast-site-content-layout":"default","site-content-style":"default","site-sidebar-style":"default","ast-global-header-display":"","ast-banner-title-visibility":"","ast-main-header-display":"","ast-hfb-above-header-display":"","ast-hfb-below-header-display":"","ast-hfb-mobile-header-display":"","site-post-title":"","ast-breadcrumbs-content":"","ast-featured-img":"","footer-sml-layout":"","ast-disable-related-posts":"","theme-transparent-header-meta":"","adv-header-id-meta":"","stick-header-meta":"","header-above-stick-meta":"","header-main-stick-meta":"","header-below-stick-meta":"","astra-migrate-meta-layouts":"default","ast-page-background-enabled":"default","ast-page-background-meta":{"desktop":{"background-color":"","background-image":"","background-repeat":"repeat","background-position":"center center","background-size":"auto","background-attachment":"scroll","background-type":"","background-media":"","overlay-type":"","overlay-color":"","overlay-opacity":"","overlay-gradient":""},"tablet":{"background-color":"","background-image":"","background-repeat":"repeat","background-position":"center center","background-size":"auto","background-attachment":"scroll","background-type":"","background-media":"","overlay-type":"","overlay-color":"","overlay-opacity":"","overlay-gradient":""},"mobile":{"background-color":"","background-image":"","background-repeat":"repeat","background-position":"center center","background-size":"auto","background-attachment":"scroll","background-type":"","background-media":"","overlay-type":"","overlay-color":"","overlay-opacity":"","overlay-gradient":""}},"ast-content-background-meta":{"desktop":{"background-color":"var(--ast-global-color-5)","background-image":"","background-repeat":"repeat","background-position":"center center","background-size":"auto","background-attachment":"scroll","background-type":"","background-media":"","overlay-type":"","overlay-color":"","overlay-opacity":"","overlay-gradient":""},"tablet":{"background-color":"var(--ast-global-color-5)","background-image":"","background-repeat":"repeat","background-position":"center center","background-size":"auto","background-attachment":"scroll","background-type":"","background-media":"","overlay-type":"","overlay-color":"","overlay-opacity":"","overlay-gradient":""},"mobile":{"background-color":"var(--ast-global-color-5)","background-image":"","background-repeat":"repeat","background-position":"center center","background-size":"auto","background-attachment":"scroll","background-type":"","background-media":"","overlay-type":"","overlay-color":"","overlay-opacity":"","overlay-gradient":""}}},"product_brand":[],"product_cat":[1504],"product_tag":[],"class_list":{"0":"post-7721","1":"product","2":"type-product","3":"status-publish","4":"has-post-thumbnail","6":"product_cat-esmalte","7":"desktop-align-left","8":"tablet-align-left","9":"mobile-align-left","11":"first","12":"instock","13":"shipping-taxable","14":"purchasable","15":"product-type-variable","16":"has-default-attributes"},"yoast_head":"<!-- This site is optimized with the Yoast SEO plugin v27.3 - https:\/\/yoast.com\/product\/yoast-seo-wordpress\/ -->\n<title>Esmalte Sintetico Premium Mundo 0,9lt + 1lt Aguarras - Mundocolor Pinturas<\/title>\n<meta name=\"robots\" content=\"index, follow, max-snippet:-1, max-image-preview:large, max-video-preview:-1\" \/>\n<link rel=\"canonical\" href=\"https:\/\/mundocolorpinturas.com.uy\/wp\/producto\/esmalte-sintetico-premium-mundo-09lt-1lt-aguarras\/\" \/>\n<meta property=\"og:locale\" content=\"es_ES\" \/>\n<meta property=\"og:type\" content=\"article\" \/>\n<meta property=\"og:title\" content=\"Esmalte Sintetico Premium Mundo 0,9lt + 1lt Aguarras - Mundocolor Pinturas\" \/>\n<meta property=\"og:description\" content=\"Mundocolor Pinturas Tienda Oficial.Empresa l\u00edder en el sector con mas de 40 a\u00f1os de trayectoriaEnv\u00edos gratis Montevideo y Ciudad de la Costa.Env\u00edos al interior por agencias DAC a cobrar en destino.Medios de Pago:Mercado PagoEfectivoGirosTransferencia BancariaTarjetas de Cr\u00e9dito ESMLATE SINTETICO maderas y metales 1lt AGUARRAS\" \/>\n<meta property=\"og:url\" content=\"https:\/\/mundocolorpinturas.com.uy\/wp\/producto\/esmalte-sintetico-premium-mundo-09lt-1lt-aguarras\/\" \/>\n<meta property=\"og:site_name\" content=\"Mundocolor Pinturas\" \/>\n<meta property=\"article:modified_time\" content=\"2026-04-13T09:06:19+00:00\" \/>\n<meta property=\"og:image\" content=\"https:\/\/mundocolorpinturas.com.uy\/wp\/wp-content\/uploads\/2023\/10\/D_672582-MLU72073845763_102023-F.jpg\" \/>\n\t<meta property=\"og:image:width\" content=\"500\" \/>\n\t<meta property=\"og:image:height\" content=\"500\" \/>\n\t<meta property=\"og:image:type\" content=\"image\/jpeg\" \/>\n<meta name=\"twitter:card\" content=\"summary_large_image\" \/>\n<script type=\"application\/ld+json\" class=\"yoast-schema-graph\">{\"@context\":\"https:\\\/\\\/schema.org\",\"@graph\":[{\"@type\":\"WebPage\",\"@id\":\"https:\\\/\\\/mundocolorpinturas.com.uy\\\/wp\\\/producto\\\/esmalte-sintetico-premium-mundo-09lt-1lt-aguarras\\\/\",\"url\":\"https:\\\/\\\/mundocolorpinturas.com.uy\\\/wp\\\/producto\\\/esmalte-sintetico-premium-mundo-09lt-1lt-aguarras\\\/\",\"name\":\"Esmalte Sintetico Premium Mundo 0,9lt + 1lt Aguarras - Mundocolor Pinturas\",\"isPartOf\":{\"@id\":\"https:\\\/\\\/mundocolorpinturas.com.uy\\\/wp\\\/#website\"},\"primaryImageOfPage\":{\"@id\":\"https:\\\/\\\/mundocolorpinturas.com.uy\\\/wp\\\/producto\\\/esmalte-sintetico-premium-mundo-09lt-1lt-aguarras\\\/#primaryimage\"},\"image\":{\"@id\":\"https:\\\/\\\/mundocolorpinturas.com.uy\\\/wp\\\/producto\\\/esmalte-sintetico-premium-mundo-09lt-1lt-aguarras\\\/#primaryimage\"},\"thumbnailUrl\":\"https:\\\/\\\/mundocolorpinturas.com.uy\\\/wp\\\/wp-content\\\/uploads\\\/2026\\\/04\\\/D_672582-MLU72073845763_102023-O.jpg\",\"datePublished\":\"2023-10-04T09:57:36+00:00\",\"dateModified\":\"2026-04-13T09:06:19+00:00\",\"breadcrumb\":{\"@id\":\"https:\\\/\\\/mundocolorpinturas.com.uy\\\/wp\\\/producto\\\/esmalte-sintetico-premium-mundo-09lt-1lt-aguarras\\\/#breadcrumb\"},\"inLanguage\":\"es\",\"potentialAction\":[{\"@type\":\"ReadAction\",\"target\":[\"https:\\\/\\\/mundocolorpinturas.com.uy\\\/wp\\\/producto\\\/esmalte-sintetico-premium-mundo-09lt-1lt-aguarras\\\/\"]}]},{\"@type\":\"ImageObject\",\"inLanguage\":\"es\",\"@id\":\"https:\\\/\\\/mundocolorpinturas.com.uy\\\/wp\\\/producto\\\/esmalte-sintetico-premium-mundo-09lt-1lt-aguarras\\\/#primaryimage\",\"url\":\"https:\\\/\\\/mundocolorpinturas.com.uy\\\/wp\\\/wp-content\\\/uploads\\\/2026\\\/04\\\/D_672582-MLU72073845763_102023-O.jpg\",\"contentUrl\":\"https:\\\/\\\/mundocolorpinturas.com.uy\\\/wp\\\/wp-content\\\/uploads\\\/2026\\\/04\\\/D_672582-MLU72073845763_102023-O.jpg\",\"width\":500,\"height\":500},{\"@type\":\"BreadcrumbList\",\"@id\":\"https:\\\/\\\/mundocolorpinturas.com.uy\\\/wp\\\/producto\\\/esmalte-sintetico-premium-mundo-09lt-1lt-aguarras\\\/#breadcrumb\",\"itemListElement\":[{\"@type\":\"ListItem\",\"position\":1,\"name\":\"Portada\",\"item\":\"https:\\\/\\\/mundocolorpinturas.com.uy\\\/wp\\\/\"},{\"@type\":\"ListItem\",\"position\":2,\"name\":\"Tienda\",\"item\":\"https:\\\/\\\/mundocolorpinturas.com.uy\\\/wp\\\/store\\\/\"},{\"@type\":\"ListItem\",\"position\":3,\"name\":\"Esmalte Sintetico Premium Mundo 0,9lt + 1lt Aguarras\"}]},{\"@type\":\"WebSite\",\"@id\":\"https:\\\/\\\/mundocolorpinturas.com.uy\\\/wp\\\/#website\",\"url\":\"https:\\\/\\\/mundocolorpinturas.com.uy\\\/wp\\\/\",\"name\":\"Mundocolor Pinturas\",\"description\":\"Sitio Oficial de Pinturerias Mundocolor\",\"publisher\":{\"@id\":\"https:\\\/\\\/mundocolorpinturas.com.uy\\\/wp\\\/#organization\"},\"potentialAction\":[{\"@type\":\"SearchAction\",\"target\":{\"@type\":\"EntryPoint\",\"urlTemplate\":\"https:\\\/\\\/mundocolorpinturas.com.uy\\\/wp\\\/?s={search_term_string}\"},\"query-input\":{\"@type\":\"PropertyValueSpecification\",\"valueRequired\":true,\"valueName\":\"search_term_string\"}}],\"inLanguage\":\"es\"},{\"@type\":\"Organization\",\"@id\":\"https:\\\/\\\/mundocolorpinturas.com.uy\\\/wp\\\/#organization\",\"name\":\"Mundocolor Pinturas\",\"url\":\"https:\\\/\\\/mundocolorpinturas.com.uy\\\/wp\\\/\",\"logo\":{\"@type\":\"ImageObject\",\"inLanguage\":\"es\",\"@id\":\"https:\\\/\\\/mundocolorpinturas.com.uy\\\/wp\\\/#\\\/schema\\\/logo\\\/image\\\/\",\"url\":\"https:\\\/\\\/mundocolorpinturas.com.uy\\\/wp\\\/wp-content\\\/uploads\\\/2025\\\/06\\\/nuevologomundocolor.png\",\"contentUrl\":\"https:\\\/\\\/mundocolorpinturas.com.uy\\\/wp\\\/wp-content\\\/uploads\\\/2025\\\/06\\\/nuevologomundocolor.png\",\"width\":250,\"height\":53,\"caption\":\"Mundocolor Pinturas\"},\"image\":{\"@id\":\"https:\\\/\\\/mundocolorpinturas.com.uy\\\/wp\\\/#\\\/schema\\\/logo\\\/image\\\/\"}}]}<\/script>\n<!-- \/ Yoast SEO plugin. -->","yoast_head_json":{"title":"Esmalte Sintetico Premium Mundo 0,9lt + 1lt Aguarras - Mundocolor Pinturas","robots":{"index":"index","follow":"follow","max-snippet":"max-snippet:-1","max-image-preview":"max-image-preview:large","max-video-preview":"max-video-preview:-1"},"canonical":"https:\/\/mundocolorpinturas.com.uy\/wp\/producto\/esmalte-sintetico-premium-mundo-09lt-1lt-aguarras\/","og_locale":"es_ES","og_type":"article","og_title":"Esmalte Sintetico Premium Mundo 0,9lt + 1lt Aguarras - Mundocolor Pinturas","og_description":"Mundocolor Pinturas Tienda Oficial.Empresa l\u00edder en el sector con mas de 40 a\u00f1os de trayectoriaEnv\u00edos gratis Montevideo y Ciudad de la Costa.Env\u00edos al interior por agencias DAC a cobrar en destino.Medios de Pago:Mercado PagoEfectivoGirosTransferencia BancariaTarjetas de Cr\u00e9dito ESMLATE SINTETICO maderas y metales 1lt AGUARRAS","og_url":"https:\/\/mundocolorpinturas.com.uy\/wp\/producto\/esmalte-sintetico-premium-mundo-09lt-1lt-aguarras\/","og_site_name":"Mundocolor Pinturas","article_modified_time":"2026-04-13T09:06:19+00:00","og_image":[{"width":500,"height":500,"url":"https:\/\/mundocolorpinturas.com.uy\/wp\/wp-content\/uploads\/2023\/10\/D_672582-MLU72073845763_102023-F.jpg","type":"image\/jpeg"}],"twitter_card":"summary_large_image","schema":{"@context":"https:\/\/schema.org","@graph":[{"@type":"WebPage","@id":"https:\/\/mundocolorpinturas.com.uy\/wp\/producto\/esmalte-sintetico-premium-mundo-09lt-1lt-aguarras\/","url":"https:\/\/mundocolorpinturas.com.uy\/wp\/producto\/esmalte-sintetico-premium-mundo-09lt-1lt-aguarras\/","name":"Esmalte Sintetico Premium Mundo 0,9lt + 1lt Aguarras - Mundocolor Pinturas","isPartOf":{"@id":"https:\/\/mundocolorpinturas.com.uy\/wp\/#website"},"primaryImageOfPage":{"@id":"https:\/\/mundocolorpinturas.com.uy\/wp\/producto\/esmalte-sintetico-premium-mundo-09lt-1lt-aguarras\/#primaryimage"},"image":{"@id":"https:\/\/mundocolorpinturas.com.uy\/wp\/producto\/esmalte-sintetico-premium-mundo-09lt-1lt-aguarras\/#primaryimage"},"thumbnailUrl":"https:\/\/mundocolorpinturas.com.uy\/wp\/wp-content\/uploads\/2026\/04\/D_672582-MLU72073845763_102023-O.jpg","datePublished":"2023-10-04T09:57:36+00:00","dateModified":"2026-04-13T09:06:19+00:00","breadcrumb":{"@id":"https:\/\/mundocolorpinturas.com.uy\/wp\/producto\/esmalte-sintetico-premium-mundo-09lt-1lt-aguarras\/#breadcrumb"},"inLanguage":"es","potentialAction":[{"@type":"ReadAction","target":["https:\/\/mundocolorpinturas.com.uy\/wp\/producto\/esmalte-sintetico-premium-mundo-09lt-1lt-aguarras\/"]}]},{"@type":"ImageObject","inLanguage":"es","@id":"https:\/\/mundocolorpinturas.com.uy\/wp\/producto\/esmalte-sintetico-premium-mundo-09lt-1lt-aguarras\/#primaryimage","url":"https:\/\/mundocolorpinturas.com.uy\/wp\/wp-content\/uploads\/2026\/04\/D_672582-MLU72073845763_102023-O.jpg","contentUrl":"https:\/\/mundocolorpinturas.com.uy\/wp\/wp-content\/uploads\/2026\/04\/D_672582-MLU72073845763_102023-O.jpg","width":500,"height":500},{"@type":"BreadcrumbList","@id":"https:\/\/mundocolorpinturas.com.uy\/wp\/producto\/esmalte-sintetico-premium-mundo-09lt-1lt-aguarras\/#breadcrumb","itemListElement":[{"@type":"ListItem","position":1,"name":"Portada","item":"https:\/\/mundocolorpinturas.com.uy\/wp\/"},{"@type":"ListItem","position":2,"name":"Tienda","item":"https:\/\/mundocolorpinturas.com.uy\/wp\/store\/"},{"@type":"ListItem","position":3,"name":"Esmalte Sintetico Premium Mundo 0,9lt + 1lt Aguarras"}]},{"@type":"WebSite","@id":"https:\/\/mundocolorpinturas.com.uy\/wp\/#website","url":"https:\/\/mundocolorpinturas.com.uy\/wp\/","name":"Mundocolor Pinturas","description":"Sitio Oficial de Pinturerias Mundocolor","publisher":{"@id":"https:\/\/mundocolorpinturas.com.uy\/wp\/#organization"},"potentialAction":[{"@type":"SearchAction","target":{"@type":"EntryPoint","urlTemplate":"https:\/\/mundocolorpinturas.com.uy\/wp\/?s={search_term_string}"},"query-input":{"@type":"PropertyValueSpecification","valueRequired":true,"valueName":"search_term_string"}}],"inLanguage":"es"},{"@type":"Organization","@id":"https:\/\/mundocolorpinturas.com.uy\/wp\/#organization","name":"Mundocolor Pinturas","url":"https:\/\/mundocolorpinturas.com.uy\/wp\/","logo":{"@type":"ImageObject","inLanguage":"es","@id":"https:\/\/mundocolorpinturas.com.uy\/wp\/#\/schema\/logo\/image\/","url":"https:\/\/mundocolorpinturas.com.uy\/wp\/wp-content\/uploads\/2025\/06\/nuevologomundocolor.png","contentUrl":"https:\/\/mundocolorpinturas.com.uy\/wp\/wp-content\/uploads\/2025\/06\/nuevologomundocolor.png","width":250,"height":53,"caption":"Mundocolor Pinturas"},"image":{"@id":"https:\/\/mundocolorpinturas.com.uy\/wp\/#\/schema\/logo\/image\/"}}]}},"_links":{"self":[{"href":"https:\/\/mundocolorpinturas.com.uy\/wp\/wp-json\/wp\/v2\/product\/7721","targetHints":{"allow":["GET"]}}],"collection":[{"href":"https:\/\/mundocolorpinturas.com.uy\/wp\/wp-json\/wp\/v2\/product"}],"about":[{"href":"https:\/\/mundocolorpinturas.com.uy\/wp\/wp-json\/wp\/v2\/types\/product"}],"version-history":[{"count":3,"href":"https:\/\/mundocolorpinturas.com.uy\/wp\/wp-json\/wp\/v2\/product\/7721\/revisions"}],"predecessor-version":[{"id":11018,"href":"https:\/\/mundocolorpinturas.com.uy\/wp\/wp-json\/wp\/v2\/product\/7721\/revisions\/11018"}],"wp:featuredmedia":[{"embeddable":true,"href":"https:\/\/mundocolorpinturas.com.uy\/wp\/wp-json\/wp\/v2\/media\/12872"}],"wp:attachment":[{"href":"https:\/\/mundocolorpinturas.com.uy\/wp\/wp-json\/wp\/v2\/media?parent=7721"}],"wp:term":[{"taxonomy":"product_brand","embeddable":true,"href":"https:\/\/mundocolorpinturas.com.uy\/wp\/wp-json\/wp\/v2\/product_brand?post=7721"},{"taxonomy":"product_cat","embeddable":true,"href":"https:\/\/mundocolorpinturas.com.uy\/wp\/wp-json\/wp\/v2\/product_cat?post=7721"},{"taxonomy":"product_tag","embeddable":true,"href":"https:\/\/mundocolorpinturas.com.uy\/wp\/wp-json\/wp\/v2\/product_tag?post=7721"}],"curies":[{"name":"wp","href":"https:\/\/api.w.org\/{rel}","templated":true}]}}