{"id":8383,"date":"2024-04-09T19:55:24","date_gmt":"2024-04-09T19:55:24","guid":{"rendered":"https:\/\/mundocolorpinturas.com.uy\/wp\/producto\/membrana-liquida-sika-con-aislante-sikafill-termico-4kg\/"},"modified":"2026-04-15T18:00:24","modified_gmt":"2026-04-15T21:00:24","slug":"membrana-liquida-sika-con-aislante-sikafill-termico-4kg","status":"publish","type":"product","link":"https:\/\/mundocolorpinturas.com.uy\/wp\/producto\/membrana-liquida-sika-con-aislante-sikafill-termico-4kg\/","title":{"rendered":"Membrana L\u00edquida Sika Con Aislante Sikafill T\u00e9rmico 4kg"},"content":{"rendered":"<p>SikaFill\u00ae T\u00e9rmico: Membrana l\u00edquida con aislante t\u00e9rmico   <\/p>\n<p>Beneficios:<\/p>\n<p>\u2022 Contiene microesferas que mejoran la aislaci\u00f3n t\u00e9rmica.<\/p>\n<p>\u2022 M\u00e1s impermeable.<\/p>\n<p>\u2022 Excelente poder cubritivo y gran elasticidad.<\/p>\n<p>\u2022 Mayor reflexi\u00f3n de los rayos solares.<\/p>\n<p>\u2022 Colabora con el ahorro energ\u00e9tico.<\/p>\n<p>\u2022 Aplicable sobre hormig\u00f3n y chapa.<\/p>\n<p>\u2022 Flexible.<\/p>\n<p>\u2022 Anti-algas y antihongos.<\/p>\n<p>\u2022 Resistente a la intemperie y a la radiaci\u00f3n ultravioleta.<\/p>\n<p>\u2022 Libre de VOC.<\/p>\n<p>C\u00f3mo aplicarlo: La superficie debe estar seca, sana firme y limpia, libre de sustancias que impidan la adherencia.<\/p>\n<p>La temperatura ambiente y del soporte debe ser +5 a +35\u00b0C. Humedad m\u00e1xima del ambiente 65%. No aplicar si llueve o se espera lluvia en las siguientes 12 horas de aplicados. La aplicaci\u00f3n se puede realizar a rodillo, pincel o equipo air-less. Sobre superficies porosas aplicar una primera mano de Sikafill T\u00e9rmico diluyendo hasta con un 25% de agua a modo de imprimaci\u00f3n.<\/p>\n<p>Una vez haya secado la imprimaci\u00f3n aplicar manos cruzadas de Sikafill T\u00e9rmico hasta completar el consumo recomendado.<\/p>\n<p>Consumo: En techos 1,2 a 1,5 kg\/m2 En paredes 0,6 a 0,9 kg\/m2<\/p>\n<p>Presentaci\u00f3n: 4 y 20 kg Colores: Blanco<\/p>\n<p>Vida \u00fatil: 2 a\u00f1os<\/p>\n","protected":false},"excerpt":{"rendered":"<p>SikaFill\u00ae T\u00e9rmico: Membrana l\u00edquida con aislante t\u00e9rmico Beneficios: \u2022 Contiene microesferas que mejoran la aislaci\u00f3n t\u00e9rmica. \u2022 M\u00e1s impermeable. \u2022 Excelente poder cubritivo y gran elasticidad. \u2022 Mayor reflexi\u00f3n de los rayos solares. \u2022 Colabora con el ahorro energ\u00e9tico. \u2022 Aplicable sobre hormig\u00f3n y chapa. \u2022 Flexible. \u2022 Anti-algas y antihongos. \u2022 Resistente a la [&hellip;]<\/p>\n","protected":false},"featured_media":13822,"template":"","meta":{"site-sidebar-layout":"default","site-content-layout":"","ast-site-content-layout":"default","site-content-style":"default","site-sidebar-style":"default","ast-global-header-display":"","ast-banner-title-visibility":"","ast-main-header-display":"","ast-hfb-above-header-display":"","ast-hfb-below-header-display":"","ast-hfb-mobile-header-display":"","site-post-title":"","ast-breadcrumbs-content":"","ast-featured-img":"","footer-sml-layout":"","ast-disable-related-posts":"","theme-transparent-header-meta":"","adv-header-id-meta":"","stick-header-meta":"","header-above-stick-meta":"","header-main-stick-meta":"","header-below-stick-meta":"","astra-migrate-meta-layouts":"default","ast-page-background-enabled":"default","ast-page-background-meta":{"desktop":{"background-color":"","background-image":"","background-repeat":"repeat","background-position":"center center","background-size":"auto","background-attachment":"scroll","background-type":"","background-media":"","overlay-type":"","overlay-color":"","overlay-opacity":"","overlay-gradient":""},"tablet":{"background-color":"","background-image":"","background-repeat":"repeat","background-position":"center center","background-size":"auto","background-attachment":"scroll","background-type":"","background-media":"","overlay-type":"","overlay-color":"","overlay-opacity":"","overlay-gradient":""},"mobile":{"background-color":"","background-image":"","background-repeat":"repeat","background-position":"center center","background-size":"auto","background-attachment":"scroll","background-type":"","background-media":"","overlay-type":"","overlay-color":"","overlay-opacity":"","overlay-gradient":""}},"ast-content-background-meta":{"desktop":{"background-color":"var(--ast-global-color-5)","background-image":"","background-repeat":"repeat","background-position":"center center","background-size":"auto","background-attachment":"scroll","background-type":"","background-media":"","overlay-type":"","overlay-color":"","overlay-opacity":"","overlay-gradient":""},"tablet":{"background-color":"var(--ast-global-color-5)","background-image":"","background-repeat":"repeat","background-position":"center center","background-size":"auto","background-attachment":"scroll","background-type":"","background-media":"","overlay-type":"","overlay-color":"","overlay-opacity":"","overlay-gradient":""},"mobile":{"background-color":"var(--ast-global-color-5)","background-image":"","background-repeat":"repeat","background-position":"center center","background-size":"auto","background-attachment":"scroll","background-type":"","background-media":"","overlay-type":"","overlay-color":"","overlay-opacity":"","overlay-gradient":""}}},"product_brand":[],"product_cat":[1496],"product_tag":[],"class_list":{"0":"post-8383","1":"product","2":"type-product","3":"status-publish","4":"has-post-thumbnail","6":"product_cat-membrana","7":"desktop-align-left","8":"tablet-align-left","9":"mobile-align-left","11":"first","12":"outofstock","13":"shipping-taxable","14":"purchasable","15":"product-type-simple"},"yoast_head":"<!-- This site is optimized with the Yoast SEO plugin v27.4 - https:\/\/yoast.com\/product\/yoast-seo-wordpress\/ -->\n<title>Membrana L\u00edquida Sika Con Aislante Sikafill T\u00e9rmico 4kg - Mundocolor Pinturas<\/title>\n<meta name=\"robots\" content=\"index, follow, max-snippet:-1, max-image-preview:large, max-video-preview:-1\" \/>\n<link rel=\"canonical\" href=\"https:\/\/mundocolorpinturas.com.uy\/wp\/producto\/membrana-liquida-sika-con-aislante-sikafill-termico-4kg\/\" \/>\n<meta property=\"og:locale\" content=\"es_ES\" \/>\n<meta property=\"og:type\" content=\"article\" \/>\n<meta property=\"og:title\" content=\"Membrana L\u00edquida Sika Con Aislante Sikafill T\u00e9rmico 4kg - Mundocolor Pinturas\" \/>\n<meta property=\"og:description\" content=\"SikaFill\u00ae T\u00e9rmico: Membrana l\u00edquida con aislante t\u00e9rmico Beneficios: \u2022 Contiene microesferas que mejoran la aislaci\u00f3n t\u00e9rmica. \u2022 M\u00e1s impermeable. \u2022 Excelente poder cubritivo y gran elasticidad. \u2022 Mayor reflexi\u00f3n de los rayos solares. \u2022 Colabora con el ahorro energ\u00e9tico. \u2022 Aplicable sobre hormig\u00f3n y chapa. \u2022 Flexible. \u2022 Anti-algas y antihongos. \u2022 Resistente a la [&hellip;]\" \/>\n<meta property=\"og:url\" content=\"https:\/\/mundocolorpinturas.com.uy\/wp\/producto\/membrana-liquida-sika-con-aislante-sikafill-termico-4kg\/\" \/>\n<meta property=\"og:site_name\" content=\"Mundocolor Pinturas\" \/>\n<meta property=\"article:modified_time\" content=\"2026-04-15T21:00:24+00:00\" \/>\n<meta property=\"og:image\" content=\"https:\/\/mundocolorpinturas.com.uy\/wp\/wp-content\/uploads\/2024\/04\/D_849755-MLU75683979591_042024-F.jpg\" \/>\n\t<meta property=\"og:image:width\" content=\"868\" \/>\n\t<meta property=\"og:image:height\" content=\"1200\" \/>\n\t<meta property=\"og:image:type\" content=\"image\/jpeg\" \/>\n<meta name=\"twitter:card\" content=\"summary_large_image\" \/>\n<meta name=\"twitter:label1\" content=\"Tiempo de lectura\" \/>\n\t<meta name=\"twitter:data1\" content=\"1 minuto\" \/>\n<script type=\"application\/ld+json\" class=\"yoast-schema-graph\">{\"@context\":\"https:\\\/\\\/schema.org\",\"@graph\":[{\"@type\":\"WebPage\",\"@id\":\"https:\\\/\\\/mundocolorpinturas.com.uy\\\/wp\\\/producto\\\/membrana-liquida-sika-con-aislante-sikafill-termico-4kg\\\/\",\"url\":\"https:\\\/\\\/mundocolorpinturas.com.uy\\\/wp\\\/producto\\\/membrana-liquida-sika-con-aislante-sikafill-termico-4kg\\\/\",\"name\":\"Membrana L\u00edquida Sika Con Aislante Sikafill T\u00e9rmico 4kg - Mundocolor Pinturas\",\"isPartOf\":{\"@id\":\"https:\\\/\\\/mundocolorpinturas.com.uy\\\/wp\\\/#website\"},\"primaryImageOfPage\":{\"@id\":\"https:\\\/\\\/mundocolorpinturas.com.uy\\\/wp\\\/producto\\\/membrana-liquida-sika-con-aislante-sikafill-termico-4kg\\\/#primaryimage\"},\"image\":{\"@id\":\"https:\\\/\\\/mundocolorpinturas.com.uy\\\/wp\\\/producto\\\/membrana-liquida-sika-con-aislante-sikafill-termico-4kg\\\/#primaryimage\"},\"thumbnailUrl\":\"https:\\\/\\\/mundocolorpinturas.com.uy\\\/wp\\\/wp-content\\\/uploads\\\/2026\\\/04\\\/D_849755-MLU75683979591_042024-O.jpg\",\"datePublished\":\"2024-04-09T19:55:24+00:00\",\"dateModified\":\"2026-04-15T21:00:24+00:00\",\"breadcrumb\":{\"@id\":\"https:\\\/\\\/mundocolorpinturas.com.uy\\\/wp\\\/producto\\\/membrana-liquida-sika-con-aislante-sikafill-termico-4kg\\\/#breadcrumb\"},\"inLanguage\":\"es\",\"potentialAction\":[{\"@type\":\"ReadAction\",\"target\":[\"https:\\\/\\\/mundocolorpinturas.com.uy\\\/wp\\\/producto\\\/membrana-liquida-sika-con-aislante-sikafill-termico-4kg\\\/\"]}]},{\"@type\":\"ImageObject\",\"inLanguage\":\"es\",\"@id\":\"https:\\\/\\\/mundocolorpinturas.com.uy\\\/wp\\\/producto\\\/membrana-liquida-sika-con-aislante-sikafill-termico-4kg\\\/#primaryimage\",\"url\":\"https:\\\/\\\/mundocolorpinturas.com.uy\\\/wp\\\/wp-content\\\/uploads\\\/2026\\\/04\\\/D_849755-MLU75683979591_042024-O.jpg\",\"contentUrl\":\"https:\\\/\\\/mundocolorpinturas.com.uy\\\/wp\\\/wp-content\\\/uploads\\\/2026\\\/04\\\/D_849755-MLU75683979591_042024-O.jpg\",\"width\":361,\"height\":500},{\"@type\":\"BreadcrumbList\",\"@id\":\"https:\\\/\\\/mundocolorpinturas.com.uy\\\/wp\\\/producto\\\/membrana-liquida-sika-con-aislante-sikafill-termico-4kg\\\/#breadcrumb\",\"itemListElement\":[{\"@type\":\"ListItem\",\"position\":1,\"name\":\"Portada\",\"item\":\"https:\\\/\\\/mundocolorpinturas.com.uy\\\/wp\\\/\"},{\"@type\":\"ListItem\",\"position\":2,\"name\":\"Tienda\",\"item\":\"https:\\\/\\\/mundocolorpinturas.com.uy\\\/wp\\\/store\\\/\"},{\"@type\":\"ListItem\",\"position\":3,\"name\":\"Membrana L\u00edquida Sika Con Aislante Sikafill T\u00e9rmico 4kg\"}]},{\"@type\":\"WebSite\",\"@id\":\"https:\\\/\\\/mundocolorpinturas.com.uy\\\/wp\\\/#website\",\"url\":\"https:\\\/\\\/mundocolorpinturas.com.uy\\\/wp\\\/\",\"name\":\"Mundocolor Pinturas\",\"description\":\"Sitio Oficial de Pinturerias Mundocolor\",\"publisher\":{\"@id\":\"https:\\\/\\\/mundocolorpinturas.com.uy\\\/wp\\\/#organization\"},\"potentialAction\":[{\"@type\":\"SearchAction\",\"target\":{\"@type\":\"EntryPoint\",\"urlTemplate\":\"https:\\\/\\\/mundocolorpinturas.com.uy\\\/wp\\\/?s={search_term_string}\"},\"query-input\":{\"@type\":\"PropertyValueSpecification\",\"valueRequired\":true,\"valueName\":\"search_term_string\"}}],\"inLanguage\":\"es\"},{\"@type\":\"Organization\",\"@id\":\"https:\\\/\\\/mundocolorpinturas.com.uy\\\/wp\\\/#organization\",\"name\":\"Mundocolor Pinturas\",\"url\":\"https:\\\/\\\/mundocolorpinturas.com.uy\\\/wp\\\/\",\"logo\":{\"@type\":\"ImageObject\",\"inLanguage\":\"es\",\"@id\":\"https:\\\/\\\/mundocolorpinturas.com.uy\\\/wp\\\/#\\\/schema\\\/logo\\\/image\\\/\",\"url\":\"https:\\\/\\\/mundocolorpinturas.com.uy\\\/wp\\\/wp-content\\\/uploads\\\/2025\\\/06\\\/nuevologomundocolor.png\",\"contentUrl\":\"https:\\\/\\\/mundocolorpinturas.com.uy\\\/wp\\\/wp-content\\\/uploads\\\/2025\\\/06\\\/nuevologomundocolor.png\",\"width\":250,\"height\":53,\"caption\":\"Mundocolor Pinturas\"},\"image\":{\"@id\":\"https:\\\/\\\/mundocolorpinturas.com.uy\\\/wp\\\/#\\\/schema\\\/logo\\\/image\\\/\"}}]}<\/script>\n<!-- \/ Yoast SEO plugin. -->","yoast_head_json":{"title":"Membrana L\u00edquida Sika Con Aislante Sikafill T\u00e9rmico 4kg - Mundocolor Pinturas","robots":{"index":"index","follow":"follow","max-snippet":"max-snippet:-1","max-image-preview":"max-image-preview:large","max-video-preview":"max-video-preview:-1"},"canonical":"https:\/\/mundocolorpinturas.com.uy\/wp\/producto\/membrana-liquida-sika-con-aislante-sikafill-termico-4kg\/","og_locale":"es_ES","og_type":"article","og_title":"Membrana L\u00edquida Sika Con Aislante Sikafill T\u00e9rmico 4kg - Mundocolor Pinturas","og_description":"SikaFill\u00ae T\u00e9rmico: Membrana l\u00edquida con aislante t\u00e9rmico Beneficios: \u2022 Contiene microesferas que mejoran la aislaci\u00f3n t\u00e9rmica. \u2022 M\u00e1s impermeable. \u2022 Excelente poder cubritivo y gran elasticidad. \u2022 Mayor reflexi\u00f3n de los rayos solares. \u2022 Colabora con el ahorro energ\u00e9tico. \u2022 Aplicable sobre hormig\u00f3n y chapa. \u2022 Flexible. \u2022 Anti-algas y antihongos. \u2022 Resistente a la [&hellip;]","og_url":"https:\/\/mundocolorpinturas.com.uy\/wp\/producto\/membrana-liquida-sika-con-aislante-sikafill-termico-4kg\/","og_site_name":"Mundocolor Pinturas","article_modified_time":"2026-04-15T21:00:24+00:00","og_image":[{"width":868,"height":1200,"url":"https:\/\/mundocolorpinturas.com.uy\/wp\/wp-content\/uploads\/2024\/04\/D_849755-MLU75683979591_042024-F.jpg","type":"image\/jpeg"}],"twitter_card":"summary_large_image","twitter_misc":{"Tiempo de lectura":"1 minuto"},"schema":{"@context":"https:\/\/schema.org","@graph":[{"@type":"WebPage","@id":"https:\/\/mundocolorpinturas.com.uy\/wp\/producto\/membrana-liquida-sika-con-aislante-sikafill-termico-4kg\/","url":"https:\/\/mundocolorpinturas.com.uy\/wp\/producto\/membrana-liquida-sika-con-aislante-sikafill-termico-4kg\/","name":"Membrana L\u00edquida Sika Con Aislante Sikafill T\u00e9rmico 4kg - Mundocolor Pinturas","isPartOf":{"@id":"https:\/\/mundocolorpinturas.com.uy\/wp\/#website"},"primaryImageOfPage":{"@id":"https:\/\/mundocolorpinturas.com.uy\/wp\/producto\/membrana-liquida-sika-con-aislante-sikafill-termico-4kg\/#primaryimage"},"image":{"@id":"https:\/\/mundocolorpinturas.com.uy\/wp\/producto\/membrana-liquida-sika-con-aislante-sikafill-termico-4kg\/#primaryimage"},"thumbnailUrl":"https:\/\/mundocolorpinturas.com.uy\/wp\/wp-content\/uploads\/2026\/04\/D_849755-MLU75683979591_042024-O.jpg","datePublished":"2024-04-09T19:55:24+00:00","dateModified":"2026-04-15T21:00:24+00:00","breadcrumb":{"@id":"https:\/\/mundocolorpinturas.com.uy\/wp\/producto\/membrana-liquida-sika-con-aislante-sikafill-termico-4kg\/#breadcrumb"},"inLanguage":"es","potentialAction":[{"@type":"ReadAction","target":["https:\/\/mundocolorpinturas.com.uy\/wp\/producto\/membrana-liquida-sika-con-aislante-sikafill-termico-4kg\/"]}]},{"@type":"ImageObject","inLanguage":"es","@id":"https:\/\/mundocolorpinturas.com.uy\/wp\/producto\/membrana-liquida-sika-con-aislante-sikafill-termico-4kg\/#primaryimage","url":"https:\/\/mundocolorpinturas.com.uy\/wp\/wp-content\/uploads\/2026\/04\/D_849755-MLU75683979591_042024-O.jpg","contentUrl":"https:\/\/mundocolorpinturas.com.uy\/wp\/wp-content\/uploads\/2026\/04\/D_849755-MLU75683979591_042024-O.jpg","width":361,"height":500},{"@type":"BreadcrumbList","@id":"https:\/\/mundocolorpinturas.com.uy\/wp\/producto\/membrana-liquida-sika-con-aislante-sikafill-termico-4kg\/#breadcrumb","itemListElement":[{"@type":"ListItem","position":1,"name":"Portada","item":"https:\/\/mundocolorpinturas.com.uy\/wp\/"},{"@type":"ListItem","position":2,"name":"Tienda","item":"https:\/\/mundocolorpinturas.com.uy\/wp\/store\/"},{"@type":"ListItem","position":3,"name":"Membrana L\u00edquida Sika Con Aislante Sikafill T\u00e9rmico 4kg"}]},{"@type":"WebSite","@id":"https:\/\/mundocolorpinturas.com.uy\/wp\/#website","url":"https:\/\/mundocolorpinturas.com.uy\/wp\/","name":"Mundocolor Pinturas","description":"Sitio Oficial de Pinturerias Mundocolor","publisher":{"@id":"https:\/\/mundocolorpinturas.com.uy\/wp\/#organization"},"potentialAction":[{"@type":"SearchAction","target":{"@type":"EntryPoint","urlTemplate":"https:\/\/mundocolorpinturas.com.uy\/wp\/?s={search_term_string}"},"query-input":{"@type":"PropertyValueSpecification","valueRequired":true,"valueName":"search_term_string"}}],"inLanguage":"es"},{"@type":"Organization","@id":"https:\/\/mundocolorpinturas.com.uy\/wp\/#organization","name":"Mundocolor Pinturas","url":"https:\/\/mundocolorpinturas.com.uy\/wp\/","logo":{"@type":"ImageObject","inLanguage":"es","@id":"https:\/\/mundocolorpinturas.com.uy\/wp\/#\/schema\/logo\/image\/","url":"https:\/\/mundocolorpinturas.com.uy\/wp\/wp-content\/uploads\/2025\/06\/nuevologomundocolor.png","contentUrl":"https:\/\/mundocolorpinturas.com.uy\/wp\/wp-content\/uploads\/2025\/06\/nuevologomundocolor.png","width":250,"height":53,"caption":"Mundocolor Pinturas"},"image":{"@id":"https:\/\/mundocolorpinturas.com.uy\/wp\/#\/schema\/logo\/image\/"}}]}},"_links":{"self":[{"href":"https:\/\/mundocolorpinturas.com.uy\/wp\/wp-json\/wp\/v2\/product\/8383","targetHints":{"allow":["GET"]}}],"collection":[{"href":"https:\/\/mundocolorpinturas.com.uy\/wp\/wp-json\/wp\/v2\/product"}],"about":[{"href":"https:\/\/mundocolorpinturas.com.uy\/wp\/wp-json\/wp\/v2\/types\/product"}],"version-history":[{"count":3,"href":"https:\/\/mundocolorpinturas.com.uy\/wp\/wp-json\/wp\/v2\/product\/8383\/revisions"}],"predecessor-version":[{"id":11161,"href":"https:\/\/mundocolorpinturas.com.uy\/wp\/wp-json\/wp\/v2\/product\/8383\/revisions\/11161"}],"wp:featuredmedia":[{"embeddable":true,"href":"https:\/\/mundocolorpinturas.com.uy\/wp\/wp-json\/wp\/v2\/media\/13822"}],"wp:attachment":[{"href":"https:\/\/mundocolorpinturas.com.uy\/wp\/wp-json\/wp\/v2\/media?parent=8383"}],"wp:term":[{"taxonomy":"product_brand","embeddable":true,"href":"https:\/\/mundocolorpinturas.com.uy\/wp\/wp-json\/wp\/v2\/product_brand?post=8383"},{"taxonomy":"product_cat","embeddable":true,"href":"https:\/\/mundocolorpinturas.com.uy\/wp\/wp-json\/wp\/v2\/product_cat?post=8383"},{"taxonomy":"product_tag","embeddable":true,"href":"https:\/\/mundocolorpinturas.com.uy\/wp\/wp-json\/wp\/v2\/product_tag?post=8383"}],"curies":[{"name":"wp","href":"https:\/\/api.w.org\/{rel}","templated":true}]}}