{"id":9962,"date":"2025-08-08T15:10:43","date_gmt":"2025-08-08T15:10:43","guid":{"rendered":"https:\/\/mundocolorpinturas.com.uy\/wp\/producto\/masilla-plastica-con-catalizador-zeocar-4kg-mundo-color\/"},"modified":"2026-04-04T22:25:19","modified_gmt":"2026-04-04T22:25:19","slug":"masilla-plastica-con-catalizador-zeocar-4kg-mundo-color","status":"publish","type":"product","link":"https:\/\/mundocolorpinturas.com.uy\/wp\/producto\/masilla-plastica-con-catalizador-zeocar-4kg-mundo-color\/","title":{"rendered":"Masilla Plastica Con Catalizador Zeocar 4kg Mundo Color"},"content":{"rendered":"<p>Mundocolor Pinturas Tienda Oficial.<br \/>Empresa l\u00edder en el sector con mas de 40 a\u00f1os de trayectoria<br \/>Env\u00edos gratis Montevideo y Ciudad de la Costa.<br \/>Env\u00edos al interior por agencias DAC a cobrar en destino. <br \/>Medios de Pago:<br \/>Mercado Pago<br \/>Efectivo<br \/>Giros<br \/>Transferencia Bancaria<br \/>Tarjetas de Cr\u00e9dito<\/p>\n<p>F\u00f3rmula Poliester<br \/>Es una Masilla Poli\u00e9ster de dos componentes ( A + B ) de alto rendimiento. El componente A es una Masilla Poli\u00e9ster universal de relleno y el componente B es el endurecedor. Desarrollado exclusivamente para uso profesional. Indicado para reparaci\u00f3n de abolladuras, irregularidades e imperfecciones de superficies de carrocer\u00edas automotrices.<\/p>\n<p>Caracter\u00edsticas<br \/>Excelente espatulabilidad.<br \/>Exelente capacidad para dar la forma desada a la carrocer\u00eda.<br \/>Extraordinaria lijabilidad.<br \/>Muy buena terminacion.<br \/>Modo de preparaci\u00f3n<br \/>Este producto es apto para ser utilizado en el rango de temperatura ambiente de entre 5 \u00b0C y 30 \u00b0C por debajo de este debe ser calefaccionado el ambiente y por encima del mismo se debe enfriar el producto y la superficie a reparar.<br \/>a)Remover totalmente el acabado y\/o el \u00f3xido de la superficie a reparar, lijar la misma con P80<br \/>b)Tratar la superficie dej\u00e1ndola completamente limpia y seca.<br \/>c)Homogeneizar individualmente los componentes A (Masilla) y B (Endurecedor).<br \/>d)Separar la cantidad de Masilla (Componente A) a aplicar, agregarle el 2% en peso de endurecedor (Componente B) y mezclar hasta lograr una total homogeneizaci\u00f3n.NOTA: Nunca retorne la Mezcla (Masilla con Endurecedor) al envase pues se endurecer\u00e1 todo el contenido del mismo.<br \/>f)Aplicar la mezcla, presionando firmemente sobre la superficie preparada, en delgadas capas.<br \/>g) A una temperatura ambiente de 20\u00b0 Cent\u00edgrados, podr\u00e1 comenzar a lijar a partir de 30 minutos con Lija P150-P280.<br \/>En caso de considerar necesario incrementar la cantidad de relleno, repetir el mismo esquema.<br \/>NOTA Importante: Recuerde que los tiempos de trabajo y de lijado son afectados por la temperatura ambiente, a baja temperatura los tiempos de curado se prolongan y a alta temperatura los tiempos se acortan. No se debe exceder el 2 % de endurecedor ni debe estar por debajo del 1,5 %, porque puede acarrear problemas posteriores.<br \/>Precauciones<br \/>De uso exclusivo para profesionales.<br \/>R10: Inflamable. R20\/21\/22: Nocivo en contacto con la pile, por ingesti\u00f3n e inhalaci\u00f3n.<br \/>R36\/38: Irrita los ojos y la piel. R48\/20: Nocivo : Riesgo de efectos graves para la salud en caso de exposici\u00f3n prolongada por inhalaci\u00f3n.<br \/>S1\/2: Cons\u00e9rvese bajo llave y mant\u00e9ngase fuera del alcance de los ni\u00f1os.<br \/>S3\/9\/49: Cons\u00e9rvese \u00fanicamente en el recipiente de origen, en lugar fresco y bien ventilado.<br \/>S26: En caso de contacto con los ojos, l\u00e1vese inmediata y abundantemente con agua y ac\u00fadase a un m\u00e9dico. S28 En caso de contacto con la piel l\u00e1vese inmediata y abundantemente con agua y Jab\u00f3n. S46: En caso de ingesti\u00f3n ac\u00fadase inmediatamente al m\u00e9dico y mu\u00e9stresele la etiqueta o el envase.<br \/>Contenidos y especificaciones<br \/>Masilla<br \/>Color: Gris Claro<br \/>Aspecto: Masa cremosa<br \/>Peso especifico a 20\u00b0C: 1,72 k\/cm3<br \/>Resistencia al agua: excelente<br \/>Resistencia a los solventes: excelente<br \/>Finura: Aceptable<\/p>\n","protected":false},"excerpt":{"rendered":"<p>Mundocolor Pinturas Tienda Oficial.Empresa l\u00edder en el sector con mas de 40 a\u00f1os de trayectoriaEnv\u00edos gratis Montevideo y Ciudad de la Costa.Env\u00edos al interior por agencias DAC a cobrar en destino. Medios de Pago:Mercado PagoEfectivoGirosTransferencia BancariaTarjetas de Cr\u00e9dito F\u00f3rmula PoliesterEs una Masilla Poli\u00e9ster de dos componentes ( A + B ) de alto rendimiento. El [&hellip;]<\/p>\n","protected":false},"featured_media":6925,"template":"","meta":{"site-sidebar-layout":"default","site-content-layout":"","ast-site-content-layout":"default","site-content-style":"default","site-sidebar-style":"default","ast-global-header-display":"","ast-banner-title-visibility":"","ast-main-header-display":"","ast-hfb-above-header-display":"","ast-hfb-below-header-display":"","ast-hfb-mobile-header-display":"","site-post-title":"","ast-breadcrumbs-content":"","ast-featured-img":"","footer-sml-layout":"","ast-disable-related-posts":"","theme-transparent-header-meta":"","adv-header-id-meta":"","stick-header-meta":"","header-above-stick-meta":"","header-main-stick-meta":"","header-below-stick-meta":"","astra-migrate-meta-layouts":"default","ast-page-background-enabled":"default","ast-page-background-meta":{"desktop":{"background-color":"","background-image":"","background-repeat":"repeat","background-position":"center center","background-size":"auto","background-attachment":"scroll","background-type":"","background-media":"","overlay-type":"","overlay-color":"","overlay-opacity":"","overlay-gradient":""},"tablet":{"background-color":"","background-image":"","background-repeat":"repeat","background-position":"center center","background-size":"auto","background-attachment":"scroll","background-type":"","background-media":"","overlay-type":"","overlay-color":"","overlay-opacity":"","overlay-gradient":""},"mobile":{"background-color":"","background-image":"","background-repeat":"repeat","background-position":"center center","background-size":"auto","background-attachment":"scroll","background-type":"","background-media":"","overlay-type":"","overlay-color":"","overlay-opacity":"","overlay-gradient":""}},"ast-content-background-meta":{"desktop":{"background-color":"var(--ast-global-color-5)","background-image":"","background-repeat":"repeat","background-position":"center center","background-size":"auto","background-attachment":"scroll","background-type":"","background-media":"","overlay-type":"","overlay-color":"","overlay-opacity":"","overlay-gradient":""},"tablet":{"background-color":"var(--ast-global-color-5)","background-image":"","background-repeat":"repeat","background-position":"center center","background-size":"auto","background-attachment":"scroll","background-type":"","background-media":"","overlay-type":"","overlay-color":"","overlay-opacity":"","overlay-gradient":""},"mobile":{"background-color":"var(--ast-global-color-5)","background-image":"","background-repeat":"repeat","background-position":"center center","background-size":"auto","background-attachment":"scroll","background-type":"","background-media":"","overlay-type":"","overlay-color":"","overlay-opacity":"","overlay-gradient":""}}},"product_brand":[],"product_cat":[1596],"product_tag":[],"class_list":{"0":"post-9962","1":"product","2":"type-product","3":"status-publish","4":"has-post-thumbnail","6":"product_cat-sin-categorizar","7":"desktop-align-left","8":"tablet-align-left","9":"mobile-align-left","11":"first","12":"instock","13":"shipping-taxable","14":"purchasable","15":"product-type-simple"},"yoast_head":"<!-- This site is optimized with the Yoast SEO plugin v27.3 - https:\/\/yoast.com\/product\/yoast-seo-wordpress\/ -->\n<title>Masilla Plastica Con Catalizador Zeocar 4kg Mundo Color - Mundocolor Pinturas<\/title>\n<meta name=\"robots\" content=\"index, follow, max-snippet:-1, max-image-preview:large, max-video-preview:-1\" \/>\n<link rel=\"canonical\" href=\"https:\/\/mundocolorpinturas.com.uy\/wp\/producto\/masilla-plastica-con-catalizador-zeocar-4kg-mundo-color\/\" \/>\n<meta property=\"og:locale\" content=\"es_ES\" \/>\n<meta property=\"og:type\" content=\"article\" \/>\n<meta property=\"og:title\" content=\"Masilla Plastica Con Catalizador Zeocar 4kg Mundo Color - Mundocolor Pinturas\" \/>\n<meta property=\"og:description\" content=\"Mundocolor Pinturas Tienda Oficial.Empresa l\u00edder en el sector con mas de 40 a\u00f1os de trayectoriaEnv\u00edos gratis Montevideo y Ciudad de la Costa.Env\u00edos al interior por agencias DAC a cobrar en destino. Medios de Pago:Mercado PagoEfectivoGirosTransferencia BancariaTarjetas de Cr\u00e9dito F\u00f3rmula PoliesterEs una Masilla Poli\u00e9ster de dos componentes ( A + B ) de alto rendimiento. El [&hellip;]\" \/>\n<meta property=\"og:url\" content=\"https:\/\/mundocolorpinturas.com.uy\/wp\/producto\/masilla-plastica-con-catalizador-zeocar-4kg-mundo-color\/\" \/>\n<meta property=\"og:site_name\" content=\"Mundocolor Pinturas\" \/>\n<meta property=\"article:modified_time\" content=\"2026-04-04T22:25:19+00:00\" \/>\n<meta property=\"og:image\" content=\"https:\/\/mundocolorpinturas.com.uy\/wp\/wp-content\/uploads\/2023\/05\/D_988239-MLU69577886300_052023-F.jpg\" \/>\n\t<meta property=\"og:image:width\" content=\"582\" \/>\n\t<meta property=\"og:image:height\" content=\"500\" \/>\n\t<meta property=\"og:image:type\" content=\"image\/jpeg\" \/>\n<meta name=\"twitter:card\" content=\"summary_large_image\" \/>\n<meta name=\"twitter:label1\" content=\"Tiempo de lectura\" \/>\n\t<meta name=\"twitter:data1\" content=\"2 minutos\" \/>\n<script type=\"application\/ld+json\" class=\"yoast-schema-graph\">{\"@context\":\"https:\\\/\\\/schema.org\",\"@graph\":[{\"@type\":\"WebPage\",\"@id\":\"https:\\\/\\\/mundocolorpinturas.com.uy\\\/wp\\\/producto\\\/masilla-plastica-con-catalizador-zeocar-4kg-mundo-color\\\/\",\"url\":\"https:\\\/\\\/mundocolorpinturas.com.uy\\\/wp\\\/producto\\\/masilla-plastica-con-catalizador-zeocar-4kg-mundo-color\\\/\",\"name\":\"Masilla Plastica Con Catalizador Zeocar 4kg Mundo Color - Mundocolor Pinturas\",\"isPartOf\":{\"@id\":\"https:\\\/\\\/mundocolorpinturas.com.uy\\\/wp\\\/#website\"},\"primaryImageOfPage\":{\"@id\":\"https:\\\/\\\/mundocolorpinturas.com.uy\\\/wp\\\/producto\\\/masilla-plastica-con-catalizador-zeocar-4kg-mundo-color\\\/#primaryimage\"},\"image\":{\"@id\":\"https:\\\/\\\/mundocolorpinturas.com.uy\\\/wp\\\/producto\\\/masilla-plastica-con-catalizador-zeocar-4kg-mundo-color\\\/#primaryimage\"},\"thumbnailUrl\":\"https:\\\/\\\/mundocolorpinturas.com.uy\\\/wp\\\/wp-content\\\/uploads\\\/2023\\\/05\\\/D_988239-MLU69577886300_052023-F.jpg\",\"datePublished\":\"2025-08-08T15:10:43+00:00\",\"dateModified\":\"2026-04-04T22:25:19+00:00\",\"breadcrumb\":{\"@id\":\"https:\\\/\\\/mundocolorpinturas.com.uy\\\/wp\\\/producto\\\/masilla-plastica-con-catalizador-zeocar-4kg-mundo-color\\\/#breadcrumb\"},\"inLanguage\":\"es\",\"potentialAction\":[{\"@type\":\"ReadAction\",\"target\":[\"https:\\\/\\\/mundocolorpinturas.com.uy\\\/wp\\\/producto\\\/masilla-plastica-con-catalizador-zeocar-4kg-mundo-color\\\/\"]}]},{\"@type\":\"ImageObject\",\"inLanguage\":\"es\",\"@id\":\"https:\\\/\\\/mundocolorpinturas.com.uy\\\/wp\\\/producto\\\/masilla-plastica-con-catalizador-zeocar-4kg-mundo-color\\\/#primaryimage\",\"url\":\"https:\\\/\\\/mundocolorpinturas.com.uy\\\/wp\\\/wp-content\\\/uploads\\\/2023\\\/05\\\/D_988239-MLU69577886300_052023-F.jpg\",\"contentUrl\":\"https:\\\/\\\/mundocolorpinturas.com.uy\\\/wp\\\/wp-content\\\/uploads\\\/2023\\\/05\\\/D_988239-MLU69577886300_052023-F.jpg\",\"width\":582,\"height\":500},{\"@type\":\"BreadcrumbList\",\"@id\":\"https:\\\/\\\/mundocolorpinturas.com.uy\\\/wp\\\/producto\\\/masilla-plastica-con-catalizador-zeocar-4kg-mundo-color\\\/#breadcrumb\",\"itemListElement\":[{\"@type\":\"ListItem\",\"position\":1,\"name\":\"Portada\",\"item\":\"https:\\\/\\\/mundocolorpinturas.com.uy\\\/wp\\\/\"},{\"@type\":\"ListItem\",\"position\":2,\"name\":\"Tienda\",\"item\":\"https:\\\/\\\/mundocolorpinturas.com.uy\\\/wp\\\/store\\\/\"},{\"@type\":\"ListItem\",\"position\":3,\"name\":\"Masilla Plastica Con Catalizador Zeocar 4kg Mundo Color\"}]},{\"@type\":\"WebSite\",\"@id\":\"https:\\\/\\\/mundocolorpinturas.com.uy\\\/wp\\\/#website\",\"url\":\"https:\\\/\\\/mundocolorpinturas.com.uy\\\/wp\\\/\",\"name\":\"Mundocolor Pinturas\",\"description\":\"Sitio Oficial de Pinturerias Mundocolor\",\"publisher\":{\"@id\":\"https:\\\/\\\/mundocolorpinturas.com.uy\\\/wp\\\/#organization\"},\"potentialAction\":[{\"@type\":\"SearchAction\",\"target\":{\"@type\":\"EntryPoint\",\"urlTemplate\":\"https:\\\/\\\/mundocolorpinturas.com.uy\\\/wp\\\/?s={search_term_string}\"},\"query-input\":{\"@type\":\"PropertyValueSpecification\",\"valueRequired\":true,\"valueName\":\"search_term_string\"}}],\"inLanguage\":\"es\"},{\"@type\":\"Organization\",\"@id\":\"https:\\\/\\\/mundocolorpinturas.com.uy\\\/wp\\\/#organization\",\"name\":\"Mundocolor Pinturas\",\"url\":\"https:\\\/\\\/mundocolorpinturas.com.uy\\\/wp\\\/\",\"logo\":{\"@type\":\"ImageObject\",\"inLanguage\":\"es\",\"@id\":\"https:\\\/\\\/mundocolorpinturas.com.uy\\\/wp\\\/#\\\/schema\\\/logo\\\/image\\\/\",\"url\":\"https:\\\/\\\/mundocolorpinturas.com.uy\\\/wp\\\/wp-content\\\/uploads\\\/2025\\\/06\\\/nuevologomundocolor.png\",\"contentUrl\":\"https:\\\/\\\/mundocolorpinturas.com.uy\\\/wp\\\/wp-content\\\/uploads\\\/2025\\\/06\\\/nuevologomundocolor.png\",\"width\":250,\"height\":53,\"caption\":\"Mundocolor Pinturas\"},\"image\":{\"@id\":\"https:\\\/\\\/mundocolorpinturas.com.uy\\\/wp\\\/#\\\/schema\\\/logo\\\/image\\\/\"}}]}<\/script>\n<!-- \/ Yoast SEO plugin. -->","yoast_head_json":{"title":"Masilla Plastica Con Catalizador Zeocar 4kg Mundo Color - Mundocolor Pinturas","robots":{"index":"index","follow":"follow","max-snippet":"max-snippet:-1","max-image-preview":"max-image-preview:large","max-video-preview":"max-video-preview:-1"},"canonical":"https:\/\/mundocolorpinturas.com.uy\/wp\/producto\/masilla-plastica-con-catalizador-zeocar-4kg-mundo-color\/","og_locale":"es_ES","og_type":"article","og_title":"Masilla Plastica Con Catalizador Zeocar 4kg Mundo Color - Mundocolor Pinturas","og_description":"Mundocolor Pinturas Tienda Oficial.Empresa l\u00edder en el sector con mas de 40 a\u00f1os de trayectoriaEnv\u00edos gratis Montevideo y Ciudad de la Costa.Env\u00edos al interior por agencias DAC a cobrar en destino. Medios de Pago:Mercado PagoEfectivoGirosTransferencia BancariaTarjetas de Cr\u00e9dito F\u00f3rmula PoliesterEs una Masilla Poli\u00e9ster de dos componentes ( A + B ) de alto rendimiento. El [&hellip;]","og_url":"https:\/\/mundocolorpinturas.com.uy\/wp\/producto\/masilla-plastica-con-catalizador-zeocar-4kg-mundo-color\/","og_site_name":"Mundocolor Pinturas","article_modified_time":"2026-04-04T22:25:19+00:00","og_image":[{"width":582,"height":500,"url":"https:\/\/mundocolorpinturas.com.uy\/wp\/wp-content\/uploads\/2023\/05\/D_988239-MLU69577886300_052023-F.jpg","type":"image\/jpeg"}],"twitter_card":"summary_large_image","twitter_misc":{"Tiempo de lectura":"2 minutos"},"schema":{"@context":"https:\/\/schema.org","@graph":[{"@type":"WebPage","@id":"https:\/\/mundocolorpinturas.com.uy\/wp\/producto\/masilla-plastica-con-catalizador-zeocar-4kg-mundo-color\/","url":"https:\/\/mundocolorpinturas.com.uy\/wp\/producto\/masilla-plastica-con-catalizador-zeocar-4kg-mundo-color\/","name":"Masilla Plastica Con Catalizador Zeocar 4kg Mundo Color - Mundocolor Pinturas","isPartOf":{"@id":"https:\/\/mundocolorpinturas.com.uy\/wp\/#website"},"primaryImageOfPage":{"@id":"https:\/\/mundocolorpinturas.com.uy\/wp\/producto\/masilla-plastica-con-catalizador-zeocar-4kg-mundo-color\/#primaryimage"},"image":{"@id":"https:\/\/mundocolorpinturas.com.uy\/wp\/producto\/masilla-plastica-con-catalizador-zeocar-4kg-mundo-color\/#primaryimage"},"thumbnailUrl":"https:\/\/mundocolorpinturas.com.uy\/wp\/wp-content\/uploads\/2023\/05\/D_988239-MLU69577886300_052023-F.jpg","datePublished":"2025-08-08T15:10:43+00:00","dateModified":"2026-04-04T22:25:19+00:00","breadcrumb":{"@id":"https:\/\/mundocolorpinturas.com.uy\/wp\/producto\/masilla-plastica-con-catalizador-zeocar-4kg-mundo-color\/#breadcrumb"},"inLanguage":"es","potentialAction":[{"@type":"ReadAction","target":["https:\/\/mundocolorpinturas.com.uy\/wp\/producto\/masilla-plastica-con-catalizador-zeocar-4kg-mundo-color\/"]}]},{"@type":"ImageObject","inLanguage":"es","@id":"https:\/\/mundocolorpinturas.com.uy\/wp\/producto\/masilla-plastica-con-catalizador-zeocar-4kg-mundo-color\/#primaryimage","url":"https:\/\/mundocolorpinturas.com.uy\/wp\/wp-content\/uploads\/2023\/05\/D_988239-MLU69577886300_052023-F.jpg","contentUrl":"https:\/\/mundocolorpinturas.com.uy\/wp\/wp-content\/uploads\/2023\/05\/D_988239-MLU69577886300_052023-F.jpg","width":582,"height":500},{"@type":"BreadcrumbList","@id":"https:\/\/mundocolorpinturas.com.uy\/wp\/producto\/masilla-plastica-con-catalizador-zeocar-4kg-mundo-color\/#breadcrumb","itemListElement":[{"@type":"ListItem","position":1,"name":"Portada","item":"https:\/\/mundocolorpinturas.com.uy\/wp\/"},{"@type":"ListItem","position":2,"name":"Tienda","item":"https:\/\/mundocolorpinturas.com.uy\/wp\/store\/"},{"@type":"ListItem","position":3,"name":"Masilla Plastica Con Catalizador Zeocar 4kg Mundo Color"}]},{"@type":"WebSite","@id":"https:\/\/mundocolorpinturas.com.uy\/wp\/#website","url":"https:\/\/mundocolorpinturas.com.uy\/wp\/","name":"Mundocolor Pinturas","description":"Sitio Oficial de Pinturerias Mundocolor","publisher":{"@id":"https:\/\/mundocolorpinturas.com.uy\/wp\/#organization"},"potentialAction":[{"@type":"SearchAction","target":{"@type":"EntryPoint","urlTemplate":"https:\/\/mundocolorpinturas.com.uy\/wp\/?s={search_term_string}"},"query-input":{"@type":"PropertyValueSpecification","valueRequired":true,"valueName":"search_term_string"}}],"inLanguage":"es"},{"@type":"Organization","@id":"https:\/\/mundocolorpinturas.com.uy\/wp\/#organization","name":"Mundocolor Pinturas","url":"https:\/\/mundocolorpinturas.com.uy\/wp\/","logo":{"@type":"ImageObject","inLanguage":"es","@id":"https:\/\/mundocolorpinturas.com.uy\/wp\/#\/schema\/logo\/image\/","url":"https:\/\/mundocolorpinturas.com.uy\/wp\/wp-content\/uploads\/2025\/06\/nuevologomundocolor.png","contentUrl":"https:\/\/mundocolorpinturas.com.uy\/wp\/wp-content\/uploads\/2025\/06\/nuevologomundocolor.png","width":250,"height":53,"caption":"Mundocolor Pinturas"},"image":{"@id":"https:\/\/mundocolorpinturas.com.uy\/wp\/#\/schema\/logo\/image\/"}}]}},"_links":{"self":[{"href":"https:\/\/mundocolorpinturas.com.uy\/wp\/wp-json\/wp\/v2\/product\/9962","targetHints":{"allow":["GET"]}}],"collection":[{"href":"https:\/\/mundocolorpinturas.com.uy\/wp\/wp-json\/wp\/v2\/product"}],"about":[{"href":"https:\/\/mundocolorpinturas.com.uy\/wp\/wp-json\/wp\/v2\/types\/product"}],"version-history":[{"count":3,"href":"https:\/\/mundocolorpinturas.com.uy\/wp\/wp-json\/wp\/v2\/product\/9962\/revisions"}],"predecessor-version":[{"id":11041,"href":"https:\/\/mundocolorpinturas.com.uy\/wp\/wp-json\/wp\/v2\/product\/9962\/revisions\/11041"}],"wp:featuredmedia":[{"embeddable":true,"href":"https:\/\/mundocolorpinturas.com.uy\/wp\/wp-json\/wp\/v2\/media\/6925"}],"wp:attachment":[{"href":"https:\/\/mundocolorpinturas.com.uy\/wp\/wp-json\/wp\/v2\/media?parent=9962"}],"wp:term":[{"taxonomy":"product_brand","embeddable":true,"href":"https:\/\/mundocolorpinturas.com.uy\/wp\/wp-json\/wp\/v2\/product_brand?post=9962"},{"taxonomy":"product_cat","embeddable":true,"href":"https:\/\/mundocolorpinturas.com.uy\/wp\/wp-json\/wp\/v2\/product_cat?post=9962"},{"taxonomy":"product_tag","embeddable":true,"href":"https:\/\/mundocolorpinturas.com.uy\/wp\/wp-json\/wp\/v2\/product_tag?post=9962"}],"curies":[{"name":"wp","href":"https:\/\/api.w.org\/{rel}","templated":true}]}}